{"id":419,"date":"2025-03-24T17:03:41","date_gmt":"2025-03-24T17:03:41","guid":{"rendered":"https:\/\/anattaconsulting.hu\/?page_id=419"},"modified":"2025-03-24T17:03:41","modified_gmt":"2025-03-24T17:03:41","slug":"adriai-csapatepites","status":"publish","type":"page","link":"https:\/\/anattaconsulting.hu\/en\/adriai-csapatepites\/","title":{"rendered":"Adriai csapat\u00e9p\u00edt\u00e9s"},"content":{"rendered":"<p>[et_pb_section fb_built=&#8221;1&#8243; admin_label=&#8221;About&#8221; _builder_version=&#8221;4.27.0&#8243; _module_preset=&#8221;default&#8221; background_color=&#8221;gcid-1bcf785a-50e1-437b-b09f-65567babc1de&#8221; background_image=&#8221;https:\/\/anattaconsulting.hu\/wp-content\/uploads\/2024\/09\/background.webp&#8221; collapsed=&#8221;on&#8221; global_colors_info=&#8221;{%22gcid-1bcf785a-50e1-437b-b09f-65567babc1de%22:%91%22background_color%22%93}&#8221; theme_builder_area=&#8221;post_content&#8221;][et_pb_row _builder_version=&#8221;4.27.0&#8243; _module_preset=&#8221;default&#8221; global_colors_info=&#8221;{}&#8221; theme_builder_area=&#8221;post_content&#8221;][et_pb_column type=&#8221;4_4&#8243; _builder_version=&#8221;4.19.2&#8243; _module_preset=&#8221;default&#8221; global_colors_info=&#8221;{}&#8221; theme_builder_area=&#8221;post_content&#8221;][et_pb_text _builder_version=&#8221;4.27.0&#8243; _module_preset=&#8221;default&#8221; text_font=&#8221;Aladin||||||||&#8221; text_text_color=&#8221;#FFFFFF&#8221; text_font_size=&#8221;25px&#8221; text_letter_spacing=&#8221;1px&#8221; text_text_shadow_style=&#8221;preset3&#8243; text_text_shadow_color=&#8221;#E02B20&#8243; inline_fonts=&#8221;Georgia&#8221; global_colors_info=&#8221;{}&#8221; theme_builder_area=&#8221;post_content&#8221;]<\/p>\n<p>Mott\u00f3nk: V\u00e1lj azz\u00e1, akinek lenned kell, vagy akinek sz\u00fclett\u00e9l!<\/p>\n<p>&nbsp;<\/p>\n<p>[\/et_pb_text][\/et_pb_column][\/et_pb_row][et_pb_row column_structure=&#8221;1_2,1_2&#8243; _builder_version=&#8221;4.27.0&#8243; _module_preset=&#8221;default&#8221; global_colors_info=&#8221;{}&#8221; theme_builder_area=&#8221;post_content&#8221;][et_pb_column type=&#8221;1_2&#8243; _builder_version=&#8221;4.27.0&#8243; _module_preset=&#8221;default&#8221; global_colors_info=&#8221;{}&#8221; theme_builder_area=&#8221;post_content&#8221;][\/et_pb_column][et_pb_column type=&#8221;1_2&#8243; _builder_version=&#8221;4.27.0&#8243; _module_preset=&#8221;default&#8221; global_colors_info=&#8221;{}&#8221; theme_builder_area=&#8221;post_content&#8221;][\/et_pb_column][\/et_pb_row][et_pb_row column_structure=&#8221;1_2,1_2&#8243; _builder_version=&#8221;4.27.0&#8243; _module_preset=&#8221;default&#8221; global_colors_info=&#8221;{}&#8221; theme_builder_area=&#8221;post_content&#8221;][et_pb_column type=&#8221;1_2&#8243; _builder_version=&#8221;4.27.0&#8243; _module_preset=&#8221;default&#8221; global_colors_info=&#8221;{}&#8221; theme_builder_area=&#8221;post_content&#8221;][\/et_pb_column][et_pb_column type=&#8221;1_2&#8243; _builder_version=&#8221;4.27.0&#8243; _module_preset=&#8221;default&#8221; global_colors_info=&#8221;{}&#8221; theme_builder_area=&#8221;post_content&#8221;][\/et_pb_column][\/et_pb_row][et_pb_row _builder_version=&#8221;4.27.0&#8243; _module_preset=&#8221;default&#8221; global_colors_info=&#8221;{}&#8221; theme_builder_area=&#8221;post_content&#8221;][et_pb_column type=&#8221;4_4&#8243; _builder_version=&#8221;4.27.0&#8243; _module_preset=&#8221;default&#8221; global_colors_info=&#8221;{}&#8221; theme_builder_area=&#8221;post_content&#8221;][et_pb_text _builder_version=&#8221;4.27.0&#8243; _module_preset=&#8221;default&#8221; text_font=&#8221;Aladin||||||||&#8221; text_font_size=&#8221;47px&#8221; text_letter_spacing=&#8221;10px&#8221; text_line_height=&#8221;1.8em&#8221; animation_style=&#8221;roll&#8221; text_text_shadow_style=&#8221;preset3&#8243; text_text_shadow_color=&#8221;#EDF000&#8243; global_colors_info=&#8221;{}&#8221; theme_builder_area=&#8221;post_content&#8221;]<\/p>\n<p style=\"text-align: center;\"><span style=\"color: #ffffff;\">ANATTA CONSULTING<\/span><\/p>\n<p>[\/et_pb_text][et_pb_text _builder_version=&#8221;4.27.0&#8243; _module_preset=&#8221;default&#8221; text_font=&#8221;Aladin||||||||&#8221; text_font_size=&#8221;30px&#8221; text_letter_spacing=&#8221;10px&#8221; text_line_height=&#8221;1.8em&#8221; animation_style=&#8221;roll&#8221; text_text_shadow_style=&#8221;preset3&#8243; text_text_shadow_color=&#8221;#EDF000&#8243; global_colors_info=&#8221;{}&#8221; theme_builder_area=&#8221;post_content&#8221;]<\/p>\n<p style=\"text-align: center;\"><span style=\"color: #ffffff;\"><strong><\/strong><\/span><\/p>\n<p style=\"text-align: center;\"><span style=\"color: #ffffff;\"><strong>Vezet\u0151fejleszt\u00e9s coaching eszk\u00f6z\u00f6kkel<\/strong><\/span><\/p>\n<p style=\"text-align: center;\"><span style=\"color: #ffffff;\"><strong><\/strong><\/span><\/p>\n<p>[\/et_pb_text][\/et_pb_column][\/et_pb_row][et_pb_row column_structure=&#8221;1_2,1_2&#8243; _builder_version=&#8221;4.27.0&#8243; _module_preset=&#8221;default&#8221; global_colors_info=&#8221;{}&#8221; theme_builder_area=&#8221;post_content&#8221;][et_pb_column type=&#8221;1_2&#8243; _builder_version=&#8221;4.19.2&#8243; _module_preset=&#8221;default&#8221; global_colors_info=&#8221;{}&#8221; theme_builder_area=&#8221;post_content&#8221;][\/et_pb_column][et_pb_column type=&#8221;1_2&#8243; _builder_version=&#8221;4.19.2&#8243; _module_preset=&#8221;default&#8221; global_colors_info=&#8221;{}&#8221; theme_builder_area=&#8221;post_content&#8221;][et_pb_text _builder_version=&#8221;4.27.0&#8243; _module_preset=&#8221;default&#8221; text_font=&#8221;Aladin||||||||&#8221; text_font_size=&#8221;25px&#8221; text_letter_spacing=&#8221;1px&#8221; text_line_height=&#8221;1.9em&#8221; text_text_shadow_style=&#8221;preset3&#8243; text_text_shadow_color=&#8221;#E02B20&#8243; global_colors_info=&#8221;{}&#8221; theme_builder_area=&#8221;post_content&#8221;]<\/p>\n<p style=\"text-align: right;\"><span style=\"color: #ffffff;\">\u201eNem tan\u00edthatunk meg az embereknek semmit, csak seg\u00edthet\u00fcnk nekik felfedezni azt saj\u00e1t magukon bel\u00fcl.\u201d <\/span><\/p>\n<p style=\"text-align: right;\"><span style=\"color: #ffffff;\">Galileo Galilei<\/span><\/p>\n<p>[\/et_pb_text][\/et_pb_column][\/et_pb_row][\/et_pb_section][et_pb_section fb_built=&#8221;1&#8243; admin_label=&#8221;Testimonials&#8221; _builder_version=&#8221;4.19.5&#8243; _module_preset=&#8221;default&#8221; background_color=&#8221;gcid-1bcf785a-50e1-437b-b09f-65567babc1de&#8221; use_background_color_gradient=&#8221;on&#8221; background_color_gradient_stops=&#8221;rgba(255,255,255,0) 70%|gcid-1bcf785a-50e1-437b-b09f-65567babc1de 90%&#8221; background_color_gradient_overlays_image=&#8221;on&#8221; background_enable_image=&#8221;off&#8221; background_size=&#8221;initial&#8221; background_position=&#8221;top_center&#8221; background_repeat=&#8221;repeat&#8221; custom_padding=&#8221;||||false|false&#8221; background_last_edited=&#8221;on|tablet&#8221; background_size_tablet=&#8221;contain&#8221; collapsed=&#8221;on&#8221; global_colors_info=&#8221;{%22gcid-1bcf785a-50e1-437b-b09f-65567babc1de%22:%91%22background_color%22,%22background_color_gradient_stops%22%93}&#8221; theme_builder_area=&#8221;post_content&#8221;][et_pb_row _builder_version=&#8221;4.19.5&#8243; _module_preset=&#8221;default&#8221; locked=&#8221;off&#8221; global_colors_info=&#8221;{}&#8221; theme_builder_area=&#8221;post_content&#8221;][et_pb_column type=&#8221;4_4&#8243; _builder_version=&#8221;4.19.2&#8243; _module_preset=&#8221;default&#8221; global_colors_info=&#8221;{}&#8221; theme_builder_area=&#8221;post_content&#8221;][et_pb_text _builder_version=&#8221;4.27.4&#8243; _module_preset=&#8221;default&#8221; text_font=&#8221;Georgia||||||||&#8221; text_font_size=&#8221;16px&#8221; global_colors_info=&#8221;{}&#8221; theme_builder_area=&#8221;post_content&#8221;]<\/p>\n<h1 style=\"text-align: center;\"><strong><span style=\"color: #ffffff;\">Adriai csapat\u00e9p\u00edt\u00e9s<\/span><\/strong><\/h1>\n<p>[\/et_pb_text][\/et_pb_column][\/et_pb_row][et_pb_row column_structure=&#8221;1_2,1_2&#8243; _builder_version=&#8221;4.27.0&#8243; _module_preset=&#8221;default&#8221; global_colors_info=&#8221;{}&#8221; theme_builder_area=&#8221;post_content&#8221;][et_pb_column type=&#8221;1_2&#8243; _builder_version=&#8221;4.27.0&#8243; _module_preset=&#8221;default&#8221; global_colors_info=&#8221;{}&#8221; theme_builder_area=&#8221;post_content&#8221;][et_pb_text _builder_version=&#8221;4.27.4&#8243; _module_preset=&#8221;default&#8221; global_colors_info=&#8221;{}&#8221; theme_builder_area=&#8221;post_content&#8221;]<\/p>\n<p style=\"text-align: center;\">A tartalom felt\u00f6lt\u00e9s alatt!\u00a0<\/p>\n<p style=\"text-align: center;\">K\u00e9rj\u00fck n\u00e9zzen vissza k\u00e9s\u0151bb!<\/p>\n<p style=\"text-align: center;\">K\u00f6sz\u00f6nj\u00fck a t\u00fcrelm\u00e9t! <\/p>\n<p>[\/et_pb_text][\/et_pb_column][et_pb_column type=&#8221;1_2&#8243; _builder_version=&#8221;4.27.0&#8243; _module_preset=&#8221;default&#8221; global_colors_info=&#8221;{}&#8221; theme_builder_area=&#8221;post_content&#8221;][\/et_pb_column][\/et_pb_row][et_pb_row column_structure=&#8221;1_2,1_2&#8243; _builder_version=&#8221;4.27.0&#8243; _module_preset=&#8221;default&#8221; global_colors_info=&#8221;{}&#8221; theme_builder_area=&#8221;post_content&#8221;][et_pb_column type=&#8221;1_2&#8243; _builder_version=&#8221;4.27.0&#8243; _module_preset=&#8221;default&#8221; global_colors_info=&#8221;{}&#8221; theme_builder_area=&#8221;post_content&#8221;][\/et_pb_column][et_pb_column type=&#8221;1_2&#8243; _builder_version=&#8221;4.27.0&#8243; _module_preset=&#8221;default&#8221; global_colors_info=&#8221;{}&#8221; theme_builder_area=&#8221;post_content&#8221;][\/et_pb_column][\/et_pb_row][et_pb_row column_structure=&#8221;1_3,1_3,1_3&#8243; _builder_version=&#8221;4.27.0&#8243; _module_preset=&#8221;default&#8221; global_colors_info=&#8221;{}&#8221; theme_builder_area=&#8221;post_content&#8221;][et_pb_column type=&#8221;1_3&#8243; _builder_version=&#8221;4.27.0&#8243; _module_preset=&#8221;default&#8221; global_colors_info=&#8221;{}&#8221; theme_builder_area=&#8221;post_content&#8221;][\/et_pb_column][et_pb_column type=&#8221;1_3&#8243; _builder_version=&#8221;4.27.0&#8243; _module_preset=&#8221;default&#8221; global_colors_info=&#8221;{}&#8221; theme_builder_area=&#8221;post_content&#8221;][et_pb_image src=&#8221;https:\/\/anattaconsulting.hu\/wp-content\/uploads\/2024\/09\/logo0-300&#215;223.jpg&#8221; title_text=&#8221;logo0&#8243; _builder_version=&#8221;4.27.0&#8243; _module_preset=&#8221;default&#8221; animation_style=&#8221;bounce&#8221; global_colors_info=&#8221;{}&#8221; theme_builder_area=&#8221;post_content&#8221;][\/et_pb_image][\/et_pb_column][et_pb_column type=&#8221;1_3&#8243; _builder_version=&#8221;4.27.0&#8243; _module_preset=&#8221;default&#8221; global_colors_info=&#8221;{}&#8221; theme_builder_area=&#8221;post_content&#8221;][\/et_pb_column][\/et_pb_row][\/et_pb_section][et_pb_section fb_built=&#8221;1&#8243; admin_label=&#8221;Footer&#8221; _builder_version=&#8221;4.19.5&#8243; _module_preset=&#8221;default&#8221; background_color=&#8221;gcid-1bcf785a-50e1-437b-b09f-65567babc1de&#8221; use_background_color_gradient=&#8221;on&#8221; background_color_gradient_stops=&#8221;gcid-1bcf785a-50e1-437b-b09f-65567babc1de 0%|rgba(255,255,255,0) 30%&#8221; background_color_gradient_overlays_image=&#8221;on&#8221; background_image=&#8221;https:\/\/anattaconsulting.hu\/wp-content\/uploads\/2024\/09\/ai-49c.jpg&#8221; background_last_edited=&#8221;on|tablet&#8221; background_position_tablet=&#8221;center_left&#8221; saved_tabs=&#8221;all&#8221; collapsed=&#8221;on&#8221; global_colors_info=&#8221;{%22gcid-1bcf785a-50e1-437b-b09f-65567babc1de%22:%91%22background_color%22,%22background_color_gradient_stops%22%93}&#8221; theme_builder_area=&#8221;post_content&#8221;][et_pb_row _builder_version=&#8221;4.19.2&#8243; _module_preset=&#8221;default&#8221; global_colors_info=&#8221;{}&#8221; theme_builder_area=&#8221;post_content&#8221;][et_pb_column type=&#8221;4_4&#8243; _builder_version=&#8221;4.19.2&#8243; _module_preset=&#8221;default&#8221; global_colors_info=&#8221;{}&#8221; theme_builder_area=&#8221;post_content&#8221;][et_pb_menu submenu_direction=&#8221;upwards&#8221; active_link_color=&#8221;#EDF000&#8243; dropdown_menu_bg_color=&#8221;gcid-f1f9244b-c8ab-43e1-95c3-c0bdf69ac7b5&#8243; dropdown_menu_line_color=&#8221;gcid-714b9843-c3e2-4fdc-916a-785e28b7a70d&#8221; dropdown_menu_text_color=&#8221;#FFFFFF&#8221; dropdown_menu_active_link_color=&#8221;gcid-39bb5ebd-8d97-4670-a45a-b1ffd711f3fc&#8221; mobile_menu_bg_color=&#8221;gcid-f1f9244b-c8ab-43e1-95c3-c0bdf69ac7b5&#8243; mobile_menu_text_color=&#8221;#FFFFFF&#8221; logo_url=&#8221;@ET-DC@eyJkeW5hbWljIjp0cnVlLCJjb250ZW50IjoiaG9tZV91cmwiLCJzZXR0aW5ncyI6e319@&#8221; cart_icon_color=&#8221;gcid-39bb5ebd-8d97-4670-a45a-b1ffd711f3fc&#8221; search_icon_color=&#8221;gcid-39bb5ebd-8d97-4670-a45a-b1ffd711f3fc&#8221; menu_icon_color=&#8221;gcid-39bb5ebd-8d97-4670-a45a-b1ffd711f3fc&#8221; _builder_version=&#8221;4.27.0&#8243; _dynamic_attributes=&#8221;logo_url&#8221; _module_preset=&#8221;default&#8221; menu_font=&#8221;Inter|700|||||||&#8221; menu_text_color=&#8221;#FFFFFF&#8221; background_enable_color=&#8221;off&#8221; text_orientation=&#8221;right&#8221; global_colors_info=&#8221;{%22gcid-39bb5ebd-8d97-4670-a45a-b1ffd711f3fc%22:%91%22dropdown_menu_active_link_color%22,%22cart_icon_color%22,%22search_icon_color%22,%22menu_icon_color%22%93,%22gcid-f1f9244b-c8ab-43e1-95c3-c0bdf69ac7b5%22:%91%22dropdown_menu_bg_color%22,%22mobile_menu_bg_color%22%93,%22gcid-714b9843-c3e2-4fdc-916a-785e28b7a70d%22:%91%22dropdown_menu_line_color%22%93}&#8221; theme_builder_area=&#8221;post_content&#8221;][\/et_pb_menu][\/et_pb_column][\/et_pb_row][et_pb_row _builder_version=&#8221;4.27.0&#8243; _module_preset=&#8221;default&#8221; global_colors_info=&#8221;{}&#8221; theme_builder_area=&#8221;post_content&#8221;][et_pb_column type=&#8221;4_4&#8243; _builder_version=&#8221;4.27.0&#8243; _module_preset=&#8221;default&#8221; global_colors_info=&#8221;{}&#8221; theme_builder_area=&#8221;post_content&#8221;][et_pb_button button_url=&#8221;https:\/\/anattaconsulting.hu\/privacy-policy\/&#8221; url_new_window=&#8221;on&#8221; button_text=&#8221;\u00c1SZF, \u00e9s Adatv\u00e9delmi t\u00e1j\u00e9koztat\u00f3&#8221; button_alignment=&#8221;right&#8221; _builder_version=&#8221;4.27.0&#8243; _module_preset=&#8221;default&#8221; custom_button=&#8221;on&#8221; button_bg_image=&#8221;https:\/\/anattaconsulting.hu\/wp-content\/uploads\/2024\/09\/background.webp&#8221; button_border_radius=&#8221;22px&#8221; button_font=&#8221;Acme||||||||&#8221; button_text_shadow_style=&#8221;preset3&#8243; button_text_shadow_color=&#8221;#000000&#8243; global_colors_info=&#8221;{}&#8221; theme_builder_area=&#8221;post_content&#8221;][\/et_pb_button][\/et_pb_column][\/et_pb_row][\/et_pb_section]<\/p>\n","protected":false},"excerpt":{"rendered":"<p>Mott\u00f3nk: V\u00e1lj azz\u00e1, akinek lenned kell, vagy akinek sz\u00fclett\u00e9l! &nbsp;ANATTA CONSULTING Vezet\u0151fejleszt\u00e9s coaching eszk\u00f6z\u00f6kkel \u201eNem tan\u00edthatunk meg az embereknek semmit, csak seg\u00edthet\u00fcnk nekik felfedezni azt saj\u00e1t magukon bel\u00fcl.\u201d Galileo GalileiAdriai csapat\u00e9p\u00edt\u00e9sA tartalom felt\u00f6lt\u00e9s alatt!\u00a0 K\u00e9rj\u00fck n\u00e9zzen vissza k\u00e9s\u0151bb! K\u00f6sz\u00f6nj\u00fck a t\u00fcrelm\u00e9t!<\/p>","protected":false},"author":1,"featured_media":0,"parent":0,"menu_order":0,"comment_status":"closed","ping_status":"closed","template":"","meta":{"_et_pb_use_builder":"on","_et_pb_old_content":"","_et_gb_content_width":"","footnotes":""},"class_list":["post-419","page","type-page","status-publish","hentry"],"yoast_head":"<!-- This site is optimized with the Yoast SEO plugin v27.4 - https:\/\/yoast.com\/product\/yoast-seo-wordpress\/ -->\n<title>Adriai csapat\u00e9p\u00edt\u00e9s - Anatta Consulting<\/title>\n<meta name=\"description\" content=\"Az Anatta Consulting \u2013 n\u00e1l olyan fejleszt\u0151 szakemberek vannak, akik az id\u0151k folyam\u00e1n elv\u00e9gezt\u00e9k azt a bizonyos \u00f6nismereti munk\u00e1t \u00e9s felismert\u00e9k, hogy seg\u00edteni, fejleszteni, t\u00e1mogatni szeretn\u00e9k a vezet\u0151ket, az embereket, illetve azokat, akiknek erre ig\u00e9ny\u00fck van. Mert fejleszteni csak azt lehet, aki azt l\u00e9lekben eld\u00f6nt\u00f6tte.\" \/>\n<meta name=\"robots\" content=\"index, follow, max-snippet:-1, max-image-preview:large, max-video-preview:-1\" \/>\n<link rel=\"canonical\" href=\"https:\/\/anattaconsulting.hu\/en\/adriai-csapatepites\/\" \/>\n<meta property=\"og:locale\" content=\"en_GB\" \/>\n<meta property=\"og:type\" content=\"article\" \/>\n<meta property=\"og:title\" content=\"Adriai csapat\u00e9p\u00edt\u00e9s - Anatta Consulting\" \/>\n<meta property=\"og:description\" content=\"Az Anatta Consulting \u2013 n\u00e1l olyan fejleszt\u0151 szakemberek vannak, akik az id\u0151k folyam\u00e1n elv\u00e9gezt\u00e9k azt a bizonyos \u00f6nismereti munk\u00e1t \u00e9s felismert\u00e9k, hogy seg\u00edteni, fejleszteni, t\u00e1mogatni szeretn\u00e9k a vezet\u0151ket, az embereket, illetve azokat, akiknek erre ig\u00e9ny\u00fck van. Mert fejleszteni csak azt lehet, aki azt l\u00e9lekben eld\u00f6nt\u00f6tte.\" \/>\n<meta property=\"og:url\" content=\"https:\/\/anattaconsulting.hu\/en\/adriai-csapatepites\/\" \/>\n<meta property=\"og:site_name\" content=\"Anatta Consulting\" \/>\n<meta property=\"og:image\" content=\"https:\/\/anattaconsulting.hu\/wp-content\/uploads\/2024\/09\/logo0.jpg\" \/>\n\t<meta property=\"og:image:width\" content=\"512\" \/>\n\t<meta property=\"og:image:height\" content=\"381\" \/>\n\t<meta property=\"og:image:type\" content=\"image\/jpeg\" \/>\n<meta name=\"twitter:card\" content=\"summary_large_image\" \/>\n<script type=\"application\/ld+json\" class=\"yoast-schema-graph\">{\"@context\":\"https:\\\/\\\/schema.org\",\"@graph\":[{\"@type\":\"WebPage\",\"@id\":\"https:\\\/\\\/anattaconsulting.hu\\\/adriai-csapatepites\\\/\",\"url\":\"https:\\\/\\\/anattaconsulting.hu\\\/adriai-csapatepites\\\/\",\"name\":\"Adriai csapat\u00e9p\u00edt\u00e9s - Anatta Consulting\",\"isPartOf\":{\"@id\":\"https:\\\/\\\/anattaconsulting.hu\\\/#website\"},\"datePublished\":\"2025-03-24T17:03:41+00:00\",\"description\":\"Az Anatta Consulting \u2013 n\u00e1l olyan fejleszt\u0151 szakemberek vannak, akik az id\u0151k folyam\u00e1n elv\u00e9gezt\u00e9k azt a bizonyos \u00f6nismereti munk\u00e1t \u00e9s felismert\u00e9k, hogy seg\u00edteni, fejleszteni, t\u00e1mogatni szeretn\u00e9k a vezet\u0151ket, az embereket, illetve azokat, akiknek erre ig\u00e9ny\u00fck van. Mert fejleszteni csak azt lehet, aki azt l\u00e9lekben eld\u00f6nt\u00f6tte.\",\"breadcrumb\":{\"@id\":\"https:\\\/\\\/anattaconsulting.hu\\\/adriai-csapatepites\\\/#breadcrumb\"},\"inLanguage\":\"en-GB\",\"potentialAction\":[{\"@type\":\"ReadAction\",\"target\":[\"https:\\\/\\\/anattaconsulting.hu\\\/adriai-csapatepites\\\/\"]}]},{\"@type\":\"BreadcrumbList\",\"@id\":\"https:\\\/\\\/anattaconsulting.hu\\\/adriai-csapatepites\\\/#breadcrumb\",\"itemListElement\":[{\"@type\":\"ListItem\",\"position\":1,\"name\":\"Kezd\u0151lap\",\"item\":\"https:\\\/\\\/anattaconsulting.hu\\\/\"},{\"@type\":\"ListItem\",\"position\":2,\"name\":\"Adriai csapat\u00e9p\u00edt\u00e9s\"}]},{\"@type\":\"WebSite\",\"@id\":\"https:\\\/\\\/anattaconsulting.hu\\\/#website\",\"url\":\"https:\\\/\\\/anattaconsulting.hu\\\/\",\"name\":\"Anatta Consulting\",\"description\":\"Vezet\u0151feljleszt\u00e9s coaching eszk\u00f6z\u00f6kkel\",\"publisher\":{\"@id\":\"https:\\\/\\\/anattaconsulting.hu\\\/#organization\"},\"potentialAction\":[{\"@type\":\"SearchAction\",\"target\":{\"@type\":\"EntryPoint\",\"urlTemplate\":\"https:\\\/\\\/anattaconsulting.hu\\\/?s={search_term_string}\"},\"query-input\":{\"@type\":\"PropertyValueSpecification\",\"valueRequired\":true,\"valueName\":\"search_term_string\"}}],\"inLanguage\":\"en-GB\"},{\"@type\":\"Organization\",\"@id\":\"https:\\\/\\\/anattaconsulting.hu\\\/#organization\",\"name\":\"Anatta Consulting\",\"url\":\"https:\\\/\\\/anattaconsulting.hu\\\/\",\"logo\":{\"@type\":\"ImageObject\",\"inLanguage\":\"en-GB\",\"@id\":\"https:\\\/\\\/anattaconsulting.hu\\\/#\\\/schema\\\/logo\\\/image\\\/\",\"url\":\"https:\\\/\\\/anattaconsulting.hu\\\/wp-content\\\/uploads\\\/2024\\\/09\\\/logo0.jpg\",\"contentUrl\":\"https:\\\/\\\/anattaconsulting.hu\\\/wp-content\\\/uploads\\\/2024\\\/09\\\/logo0.jpg\",\"width\":512,\"height\":381,\"caption\":\"Anatta Consulting\"},\"image\":{\"@id\":\"https:\\\/\\\/anattaconsulting.hu\\\/#\\\/schema\\\/logo\\\/image\\\/\"}}]}<\/script>\n<!-- \/ Yoast SEO plugin. -->","yoast_head_json":{"title":"Adriai csapat\u00e9p\u00edt\u00e9s - Anatta Consulting","description":"Az Anatta Consulting \u2013 n\u00e1l olyan fejleszt\u0151 szakemberek vannak, akik az id\u0151k folyam\u00e1n elv\u00e9gezt\u00e9k azt a bizonyos \u00f6nismereti munk\u00e1t \u00e9s felismert\u00e9k, hogy seg\u00edteni, fejleszteni, t\u00e1mogatni szeretn\u00e9k a vezet\u0151ket, az embereket, illetve azokat, akiknek erre ig\u00e9ny\u00fck van. Mert fejleszteni csak azt lehet, aki azt l\u00e9lekben eld\u00f6nt\u00f6tte.","robots":{"index":"index","follow":"follow","max-snippet":"max-snippet:-1","max-image-preview":"max-image-preview:large","max-video-preview":"max-video-preview:-1"},"canonical":"https:\/\/anattaconsulting.hu\/en\/adriai-csapatepites\/","og_locale":"en_GB","og_type":"article","og_title":"Adriai csapat\u00e9p\u00edt\u00e9s - Anatta Consulting","og_description":"Az Anatta Consulting \u2013 n\u00e1l olyan fejleszt\u0151 szakemberek vannak, akik az id\u0151k folyam\u00e1n elv\u00e9gezt\u00e9k azt a bizonyos \u00f6nismereti munk\u00e1t \u00e9s felismert\u00e9k, hogy seg\u00edteni, fejleszteni, t\u00e1mogatni szeretn\u00e9k a vezet\u0151ket, az embereket, illetve azokat, akiknek erre ig\u00e9ny\u00fck van. Mert fejleszteni csak azt lehet, aki azt l\u00e9lekben eld\u00f6nt\u00f6tte.","og_url":"https:\/\/anattaconsulting.hu\/en\/adriai-csapatepites\/","og_site_name":"Anatta Consulting","og_image":[{"width":512,"height":381,"url":"https:\/\/anattaconsulting.hu\/wp-content\/uploads\/2024\/09\/logo0.jpg","type":"image\/jpeg"}],"twitter_card":"summary_large_image","schema":{"@context":"https:\/\/schema.org","@graph":[{"@type":"WebPage","@id":"https:\/\/anattaconsulting.hu\/adriai-csapatepites\/","url":"https:\/\/anattaconsulting.hu\/adriai-csapatepites\/","name":"Adriai csapat\u00e9p\u00edt\u00e9s - Anatta Consulting","isPartOf":{"@id":"https:\/\/anattaconsulting.hu\/#website"},"datePublished":"2025-03-24T17:03:41+00:00","description":"Az Anatta Consulting \u2013 n\u00e1l olyan fejleszt\u0151 szakemberek vannak, akik az id\u0151k folyam\u00e1n elv\u00e9gezt\u00e9k azt a bizonyos \u00f6nismereti munk\u00e1t \u00e9s felismert\u00e9k, hogy seg\u00edteni, fejleszteni, t\u00e1mogatni szeretn\u00e9k a vezet\u0151ket, az embereket, illetve azokat, akiknek erre ig\u00e9ny\u00fck van. Mert fejleszteni csak azt lehet, aki azt l\u00e9lekben eld\u00f6nt\u00f6tte.","breadcrumb":{"@id":"https:\/\/anattaconsulting.hu\/adriai-csapatepites\/#breadcrumb"},"inLanguage":"en-GB","potentialAction":[{"@type":"ReadAction","target":["https:\/\/anattaconsulting.hu\/adriai-csapatepites\/"]}]},{"@type":"BreadcrumbList","@id":"https:\/\/anattaconsulting.hu\/adriai-csapatepites\/#breadcrumb","itemListElement":[{"@type":"ListItem","position":1,"name":"Kezd\u0151lap","item":"https:\/\/anattaconsulting.hu\/"},{"@type":"ListItem","position":2,"name":"Adriai csapat\u00e9p\u00edt\u00e9s"}]},{"@type":"WebSite","@id":"https:\/\/anattaconsulting.hu\/#website","url":"https:\/\/anattaconsulting.hu\/","name":"Anatta Consulting","description":"Vezet\u0151feljleszt\u00e9s coaching eszk\u00f6z\u00f6kkel","publisher":{"@id":"https:\/\/anattaconsulting.hu\/#organization"},"potentialAction":[{"@type":"SearchAction","target":{"@type":"EntryPoint","urlTemplate":"https:\/\/anattaconsulting.hu\/?s={search_term_string}"},"query-input":{"@type":"PropertyValueSpecification","valueRequired":true,"valueName":"search_term_string"}}],"inLanguage":"en-GB"},{"@type":"Organization","@id":"https:\/\/anattaconsulting.hu\/#organization","name":"Anatta Consulting","url":"https:\/\/anattaconsulting.hu\/","logo":{"@type":"ImageObject","inLanguage":"en-GB","@id":"https:\/\/anattaconsulting.hu\/#\/schema\/logo\/image\/","url":"https:\/\/anattaconsulting.hu\/wp-content\/uploads\/2024\/09\/logo0.jpg","contentUrl":"https:\/\/anattaconsulting.hu\/wp-content\/uploads\/2024\/09\/logo0.jpg","width":512,"height":381,"caption":"Anatta Consulting"},"image":{"@id":"https:\/\/anattaconsulting.hu\/#\/schema\/logo\/image\/"}}]}},"_links":{"self":[{"href":"https:\/\/anattaconsulting.hu\/en\/wp-json\/wp\/v2\/pages\/419","targetHints":{"allow":["GET"]}}],"collection":[{"href":"https:\/\/anattaconsulting.hu\/en\/wp-json\/wp\/v2\/pages"}],"about":[{"href":"https:\/\/anattaconsulting.hu\/en\/wp-json\/wp\/v2\/types\/page"}],"author":[{"embeddable":true,"href":"https:\/\/anattaconsulting.hu\/en\/wp-json\/wp\/v2\/users\/1"}],"replies":[{"embeddable":true,"href":"https:\/\/anattaconsulting.hu\/en\/wp-json\/wp\/v2\/comments?post=419"}],"version-history":[{"count":2,"href":"https:\/\/anattaconsulting.hu\/en\/wp-json\/wp\/v2\/pages\/419\/revisions"}],"predecessor-version":[{"id":421,"href":"https:\/\/anattaconsulting.hu\/en\/wp-json\/wp\/v2\/pages\/419\/revisions\/421"}],"wp:attachment":[{"href":"https:\/\/anattaconsulting.hu\/en\/wp-json\/wp\/v2\/media?parent=419"}],"curies":[{"name":"wp","href":"https:\/\/api.w.org\/{rel}","templated":true}]}}