{"id":416,"date":"2025-03-24T17:02:08","date_gmt":"2025-03-24T17:02:08","guid":{"rendered":"https:\/\/anattaconsulting.hu\/?page_id=416"},"modified":"2025-04-28T10:38:35","modified_gmt":"2025-04-28T10:38:35","slug":"team-coaching","status":"publish","type":"page","link":"https:\/\/anattaconsulting.hu\/en\/team-coaching\/","title":{"rendered":"Team coaching"},"content":{"rendered":"<p>[et_pb_section fb_built=&#8221;1&#8243; admin_label=&#8221;About&#8221; _builder_version=&#8221;4.27.0&#8243; _module_preset=&#8221;default&#8221; background_color=&#8221;gcid-1bcf785a-50e1-437b-b09f-65567babc1de&#8221; background_image=&#8221;https:\/\/anattaconsulting.hu\/wp-content\/uploads\/2024\/09\/background.webp&#8221; collapsed=&#8221;on&#8221; global_colors_info=&#8221;{%22gcid-1bcf785a-50e1-437b-b09f-65567babc1de%22:%91%22background_color%22%93}&#8221;][et_pb_row _builder_version=&#8221;4.27.0&#8243; _module_preset=&#8221;default&#8221; global_colors_info=&#8221;{}&#8221;][et_pb_column type=&#8221;4_4&#8243; _builder_version=&#8221;4.19.2&#8243; _module_preset=&#8221;default&#8221; global_colors_info=&#8221;{}&#8221;][et_pb_text _builder_version=&#8221;4.27.0&#8243; _module_preset=&#8221;default&#8221; text_font=&#8221;Aladin||||||||&#8221; text_text_color=&#8221;#FFFFFF&#8221; text_font_size=&#8221;25px&#8221; text_letter_spacing=&#8221;1px&#8221; text_text_shadow_style=&#8221;preset3&#8243; text_text_shadow_color=&#8221;#E02B20&#8243; inline_fonts=&#8221;Georgia&#8221; global_colors_info=&#8221;{}&#8221;]<\/p>\n<p>Mott\u00f3nk: V\u00e1lj azz\u00e1, akinek lenned kell, vagy akinek sz\u00fclett\u00e9l!<\/p>\n<p>&nbsp;<\/p>\n<p>[\/et_pb_text][\/et_pb_column][\/et_pb_row][et_pb_row column_structure=&#8221;1_2,1_2&#8243; _builder_version=&#8221;4.27.0&#8243; _module_preset=&#8221;default&#8221; global_colors_info=&#8221;{}&#8221;][et_pb_column type=&#8221;1_2&#8243; _builder_version=&#8221;4.27.0&#8243; _module_preset=&#8221;default&#8221; global_colors_info=&#8221;{}&#8221;][\/et_pb_column][et_pb_column type=&#8221;1_2&#8243; _builder_version=&#8221;4.27.0&#8243; _module_preset=&#8221;default&#8221; global_colors_info=&#8221;{}&#8221;][\/et_pb_column][\/et_pb_row][et_pb_row column_structure=&#8221;1_2,1_2&#8243; _builder_version=&#8221;4.27.0&#8243; _module_preset=&#8221;default&#8221; global_colors_info=&#8221;{}&#8221;][et_pb_column type=&#8221;1_2&#8243; _builder_version=&#8221;4.27.0&#8243; _module_preset=&#8221;default&#8221; global_colors_info=&#8221;{}&#8221;][\/et_pb_column][et_pb_column type=&#8221;1_2&#8243; _builder_version=&#8221;4.27.0&#8243; _module_preset=&#8221;default&#8221; global_colors_info=&#8221;{}&#8221;][\/et_pb_column][\/et_pb_row][et_pb_row _builder_version=&#8221;4.27.0&#8243; _module_preset=&#8221;default&#8221; global_colors_info=&#8221;{}&#8221;][et_pb_column type=&#8221;4_4&#8243; _builder_version=&#8221;4.27.0&#8243; _module_preset=&#8221;default&#8221; global_colors_info=&#8221;{}&#8221;][et_pb_text _builder_version=&#8221;4.27.4&#8243; _module_preset=&#8221;default&#8221; text_font=&#8221;Georgia||||||||&#8221; text_font_size=&#8221;47px&#8221; text_letter_spacing=&#8221;5px&#8221; text_line_height=&#8221;1.8em&#8221; animation_style=&#8221;roll&#8221; text_text_shadow_style=&#8221;preset3&#8243; text_text_shadow_color=&#8221;#EDF000&#8243; global_colors_info=&#8221;{}&#8221;]<\/p>\n<p style=\"text-align: center;\"><strong><span style=\"color: #ffffff;\">ANATTA CONSULTING<\/span><\/strong><\/p>\n<p>[\/et_pb_text][et_pb_text _builder_version=&#8221;4.27.4&#8243; _module_preset=&#8221;default&#8221; text_font=&#8221;Georgia||||||||&#8221; text_font_size=&#8221;30px&#8221; text_letter_spacing=&#8221;5px&#8221; text_line_height=&#8221;1.8em&#8221; animation_style=&#8221;roll&#8221; text_text_shadow_style=&#8221;preset3&#8243; text_text_shadow_color=&#8221;#EDF000&#8243; global_colors_info=&#8221;{}&#8221;]<\/p>\n<p style=\"text-align: center;\"><span style=\"color: #ffffff;\"><strong><\/strong><\/span><\/p>\n<p style=\"text-align: center;\"><span style=\"color: #ffffff;\"><strong>Vezet\u0151fejleszt\u00e9s coaching eszk\u00f6z\u00f6kkel<\/strong><\/span><\/p>\n<p style=\"text-align: center;\"><span style=\"color: #ffffff;\"><strong><\/strong><\/span><\/p>\n<p>[\/et_pb_text][\/et_pb_column][\/et_pb_row][et_pb_row column_structure=&#8221;1_2,1_2&#8243; _builder_version=&#8221;4.27.0&#8243; _module_preset=&#8221;default&#8221; global_colors_info=&#8221;{}&#8221;][et_pb_column type=&#8221;1_2&#8243; _builder_version=&#8221;4.19.2&#8243; _module_preset=&#8221;default&#8221; global_colors_info=&#8221;{}&#8221;][\/et_pb_column][et_pb_column type=&#8221;1_2&#8243; _builder_version=&#8221;4.19.2&#8243; _module_preset=&#8221;default&#8221; global_colors_info=&#8221;{}&#8221;][et_pb_text _builder_version=&#8221;4.27.0&#8243; _module_preset=&#8221;default&#8221; text_font=&#8221;Aladin||||||||&#8221; text_font_size=&#8221;25px&#8221; text_letter_spacing=&#8221;1px&#8221; text_line_height=&#8221;1.9em&#8221; text_text_shadow_style=&#8221;preset3&#8243; text_text_shadow_color=&#8221;#E02B20&#8243; global_colors_info=&#8221;{}&#8221;]<\/p>\n<p style=\"text-align: right;\"><span style=\"color: #ffffff;\">\u201eNem tan\u00edthatunk meg az embereknek semmit, csak seg\u00edthet\u00fcnk nekik felfedezni azt saj\u00e1t magukon bel\u00fcl.\u201d <\/span><\/p>\n<p style=\"text-align: right;\"><span style=\"color: #ffffff;\">Galileo Galilei<\/span><\/p>\n<p>[\/et_pb_text][\/et_pb_column][\/et_pb_row][\/et_pb_section][et_pb_section fb_built=&#8221;1&#8243; admin_label=&#8221;Testimonials&#8221; _builder_version=&#8221;4.19.5&#8243; _module_preset=&#8221;default&#8221; background_color=&#8221;gcid-1bcf785a-50e1-437b-b09f-65567babc1de&#8221; use_background_color_gradient=&#8221;on&#8221; background_color_gradient_stops=&#8221;rgba(255,255,255,0) 70%|gcid-1bcf785a-50e1-437b-b09f-65567babc1de 90%&#8221; background_color_gradient_overlays_image=&#8221;on&#8221; background_enable_image=&#8221;off&#8221; background_size=&#8221;initial&#8221; background_position=&#8221;top_center&#8221; background_repeat=&#8221;repeat&#8221; custom_padding=&#8221;||||false|false&#8221; background_last_edited=&#8221;on|tablet&#8221; background_size_tablet=&#8221;contain&#8221; collapsed=&#8221;on&#8221; global_colors_info=&#8221;{%22gcid-1bcf785a-50e1-437b-b09f-65567babc1de%22:%91%22background_color%22,%22background_color_gradient_stops%22%93}&#8221;][et_pb_row _builder_version=&#8221;4.19.5&#8243; _module_preset=&#8221;default&#8221; locked=&#8221;off&#8221; global_colors_info=&#8221;{}&#8221;][et_pb_column type=&#8221;4_4&#8243; _builder_version=&#8221;4.19.2&#8243; _module_preset=&#8221;default&#8221; global_colors_info=&#8221;{}&#8221;][et_pb_text _builder_version=&#8221;4.27.4&#8243; _module_preset=&#8221;default&#8221; text_font=&#8221;Georgia||||||||&#8221; text_font_size=&#8221;16px&#8221; custom_padding=&#8221;1px|||||&#8221; global_colors_info=&#8221;{}&#8221;]<\/p>\n<h1 style=\"text-align: center;\"><strong><span style=\"color: #ffffff;\">Team coaching<\/span><\/strong><\/h1>\n<p>[\/et_pb_text][\/et_pb_column][\/et_pb_row][et_pb_row _builder_version=&#8221;4.27.0&#8243; _module_preset=&#8221;default&#8221; global_colors_info=&#8221;{}&#8221;][et_pb_column type=&#8221;4_4&#8243; _builder_version=&#8221;4.27.0&#8243; _module_preset=&#8221;default&#8221; global_colors_info=&#8221;{}&#8221;][et_pb_image src=&#8221;https:\/\/anattaconsulting.hu\/wp-content\/uploads\/2025\/04\/Ke\u0301pernyo\u030bfoto\u0301-2025-04-05-1.00.10-scaled.webp&#8221; title_text=&#8221;Ke\u0301pernyo\u030bfoto\u0301 2025-04-05 &#8211; 1.00.10&#8243; _builder_version=&#8221;4.27.4&#8243; _module_preset=&#8221;default&#8221; global_colors_info=&#8221;{}&#8221;][\/et_pb_image][et_pb_text _builder_version=&#8221;4.27.4&#8243; _module_preset=&#8221;default&#8221; text_text_color=&#8221;#FFFFFF&#8221; global_colors_info=&#8221;{}&#8221;]<\/p>\n<p>A\u00a0<strong>team coaching<\/strong>\u00a0egy csoportos fejleszt\u00e9si folyamat, amelynek c\u00e9lja egy csapat m\u0171k\u00f6d\u00e9s\u00e9nek optimaliz\u00e1l\u00e1sa, a kommunik\u00e1ci\u00f3 jav\u00edt\u00e1sa \u00e9s az egy\u00fcttm\u0171k\u00f6d\u00e9s er\u0151s\u00edt\u00e9se. A folyamat sor\u00e1n a coach t\u00e1mogatja a csapatot abban, hogy hat\u00e9konyabban dolgozzanak egy\u00fctt k\u00f6z\u00f6s c\u00e9ljaik el\u00e9r\u00e9s\u00e9\u00e9rt, mik\u00f6zben a csapat dinamik\u00e1j\u00e1t \u00e9s er\u0151forr\u00e1sait haszn\u00e1lja fel a fejl\u0151d\u00e9s \u00e9rdek\u00e9ben.<\/p>\n<p><strong>Miben seg\u00edt a team coaching?<\/strong><\/p>\n<ul>\n<li>C\u00e9lok tiszt\u00e1z\u00e1sa \u00e9s elk\u00f6telez\u0151d\u00e9s: A csapat k\u00f6z\u00f6sen meghat\u00e1rozza c\u00e9ljait, \u00e9s elk\u00f6telez\u0151dik azok megval\u00f3s\u00edt\u00e1sa mellett.<\/li>\n<li>Kommunik\u00e1ci\u00f3 jav\u00edt\u00e1sa: Ny\u00edlt, \u0151szinte kommunik\u00e1ci\u00f3t alak\u00edt ki, amely cs\u00f6kkenti a f\u00e9lre\u00e9rt\u00e9seket \u00e9s n\u00f6veli a bizalmat.<\/li>\n<li>Konfliktuskezel\u00e9s: Seg\u00edt feldolgozni \u00e9s feloldani a csapaton bel\u00fcli konfliktusokat, amelyek akad\u00e1lyozhatj\u00e1k az egy\u00fcttm\u0171k\u00f6d\u00e9st.<\/li>\n<li>Teljes\u00edtm\u00e9ny n\u00f6vel\u00e9se: A csapat hat\u00e9konyabban m\u0171k\u00f6dik, jobban kihaszn\u00e1lja er\u0151ss\u00e9geit, \u00e9s k\u00e9pes alkalmazkodni a v\u00e1ltoz\u00f3 k\u00f6rnyezeti kih\u00edv\u00e1sokhoz.<\/li>\n<\/ul>\n<p><strong>Team coaching eszk\u00f6zei<\/strong><\/p>\n<ul>\n<li>Csoportdinamika felt\u00e9rk\u00e9pez\u00e9se: Elemzi a csapat m\u0171k\u00f6d\u00e9s\u00e9t, er\u0151ss\u00e9geit \u00e9s fejlesztend\u0151 ter\u00fcleteit.<\/li>\n<li>K\u00f6z\u00f6s \u00e9rt\u00e9kek \u00e9s norm\u00e1k kialak\u00edt\u00e1sa: Seg\u00edt megfogalmazni olyan alapelveket, amelyek hat\u00e9konyabb\u00e1 teszik a csapat m\u0171k\u00f6d\u00e9s\u00e9t.<\/li>\n<li>Akci\u00f3tanul\u00e1s: Val\u00f3s idej\u0171 beavatkoz\u00e1sokkal t\u00e1mogatja a csapatot konkr\u00e9t probl\u00e9m\u00e1k megold\u00e1s\u00e1ban.<\/li>\n<\/ul>\n<p><strong>Mikor javasolt a team coaching?<\/strong><\/p>\n<p>A team coaching k\u00fcl\u00f6n\u00f6sen hasznos lehet:<\/p>\n<ul>\n<li>Frissen kinevezett vezet\u0151 integr\u00e1l\u00e1sakor.<\/li>\n<li>\u00d6sszetett projektek menedzsel\u00e9sekor.<\/li>\n<li>Teljes\u00edtm\u00e9ny visszaes\u00e9se vagy motiv\u00e1ci\u00f3s hull\u00e1mv\u00f6lgy eset\u00e9n.<\/li>\n<li>Szervezeti v\u00e1ltoz\u00e1sok kezel\u00e9s\u00e9re.<\/li>\n<\/ul>\n<p><strong><\/strong><\/p>\n<p>[\/et_pb_text][\/et_pb_column][\/et_pb_row][et_pb_row column_structure=&#8221;1_2,1_2&#8243; _builder_version=&#8221;4.27.0&#8243; _module_preset=&#8221;default&#8221; global_colors_info=&#8221;{}&#8221;][et_pb_column type=&#8221;1_2&#8243; _builder_version=&#8221;4.27.0&#8243; _module_preset=&#8221;default&#8221; global_colors_info=&#8221;{}&#8221;][et_pb_text _builder_version=&#8221;4.27.4&#8243; _module_preset=&#8221;default&#8221; text_text_color=&#8221;#FFFFFF&#8221; global_colors_info=&#8221;{}&#8221;]<\/p>\n<p><strong>Hol javasolt\u00a0 team coaching \u00fcl\u00e9st tartani?<\/strong><\/p>\n<p><strong><\/strong><\/p>\n<ul>\n<li>Egy haj\u00f3n az Adri\u00e1n<\/li>\n<li>Egy t\u00e1rgyal\u00f3ban az irod\u00e1ban<\/li>\n<li>A szabadban a term\u00e9szetben<\/li>\n<\/ul>\n<p>[\/et_pb_text][\/et_pb_column][et_pb_column type=&#8221;1_2&#8243; _builder_version=&#8221;4.27.0&#8243; _module_preset=&#8221;default&#8221; global_colors_info=&#8221;{}&#8221;][et_pb_image src=&#8221;https:\/\/anattaconsulting.hu\/wp-content\/uploads\/2025\/04\/IMG_1422-scaled.webp&#8221; title_text=&#8221;IMG_1422&#8243; _builder_version=&#8221;4.27.4&#8243; _module_preset=&#8221;default&#8221; global_colors_info=&#8221;{}&#8221;][\/et_pb_image][\/et_pb_column][\/et_pb_row][et_pb_row column_structure=&#8221;1_3,1_3,1_3&#8243; _builder_version=&#8221;4.27.0&#8243; _module_preset=&#8221;default&#8221; global_colors_info=&#8221;{}&#8221;][et_pb_column type=&#8221;1_3&#8243; _builder_version=&#8221;4.27.0&#8243; _module_preset=&#8221;default&#8221; global_colors_info=&#8221;{}&#8221;][\/et_pb_column][et_pb_column type=&#8221;1_3&#8243; _builder_version=&#8221;4.27.0&#8243; _module_preset=&#8221;default&#8221; global_colors_info=&#8221;{}&#8221;][et_pb_button button_url=&#8221;https:\/\/anattaconsulting.hu\/kapcsolat\/&#8221; button_text=&#8221;Ingyenes konzult\u00e1ci\u00f3 k\u00e9r\u00e9se&#8221; _builder_version=&#8221;4.27.4&#8243; _module_preset=&#8221;default&#8221; global_colors_info=&#8221;{}&#8221;][\/et_pb_button][\/et_pb_column][et_pb_column type=&#8221;1_3&#8243; _builder_version=&#8221;4.27.0&#8243; _module_preset=&#8221;default&#8221; global_colors_info=&#8221;{}&#8221;][\/et_pb_column][\/et_pb_row][\/et_pb_section][et_pb_section fb_built=&#8221;1&#8243; admin_label=&#8221;Footer&#8221; _builder_version=&#8221;4.19.5&#8243; _module_preset=&#8221;default&#8221; background_color=&#8221;gcid-1bcf785a-50e1-437b-b09f-65567babc1de&#8221; use_background_color_gradient=&#8221;on&#8221; background_color_gradient_stops=&#8221;gcid-1bcf785a-50e1-437b-b09f-65567babc1de 0%|rgba(255,255,255,0) 30%&#8221; background_color_gradient_overlays_image=&#8221;on&#8221; background_image=&#8221;https:\/\/anattaconsulting.hu\/wp-content\/uploads\/2024\/09\/ai-49c.jpg&#8221; background_last_edited=&#8221;on|tablet&#8221; background_position_tablet=&#8221;center_left&#8221; saved_tabs=&#8221;all&#8221; collapsed=&#8221;on&#8221; global_colors_info=&#8221;{%22gcid-1bcf785a-50e1-437b-b09f-65567babc1de%22:%91%22background_color%22,%22background_color_gradient_stops%22%93}&#8221;][et_pb_row _builder_version=&#8221;4.19.2&#8243; _module_preset=&#8221;default&#8221; global_colors_info=&#8221;{}&#8221;][et_pb_column type=&#8221;4_4&#8243; _builder_version=&#8221;4.19.2&#8243; _module_preset=&#8221;default&#8221; global_colors_info=&#8221;{}&#8221;][et_pb_menu submenu_direction=&#8221;upwards&#8221; active_link_color=&#8221;#EDF000&#8243; dropdown_menu_bg_color=&#8221;gcid-f1f9244b-c8ab-43e1-95c3-c0bdf69ac7b5&#8243; dropdown_menu_line_color=&#8221;gcid-714b9843-c3e2-4fdc-916a-785e28b7a70d&#8221; dropdown_menu_text_color=&#8221;#FFFFFF&#8221; dropdown_menu_active_link_color=&#8221;gcid-39bb5ebd-8d97-4670-a45a-b1ffd711f3fc&#8221; mobile_menu_bg_color=&#8221;gcid-f1f9244b-c8ab-43e1-95c3-c0bdf69ac7b5&#8243; mobile_menu_text_color=&#8221;#FFFFFF&#8221; logo_url=&#8221;@ET-DC@eyJkeW5hbWljIjp0cnVlLCJjb250ZW50IjoiaG9tZV91cmwiLCJzZXR0aW5ncyI6e319@&#8221; cart_icon_color=&#8221;gcid-39bb5ebd-8d97-4670-a45a-b1ffd711f3fc&#8221; search_icon_color=&#8221;gcid-39bb5ebd-8d97-4670-a45a-b1ffd711f3fc&#8221; menu_icon_color=&#8221;gcid-39bb5ebd-8d97-4670-a45a-b1ffd711f3fc&#8221; _builder_version=&#8221;4.27.0&#8243; _dynamic_attributes=&#8221;logo_url&#8221; _module_preset=&#8221;default&#8221; menu_font=&#8221;Inter|700|||||||&#8221; menu_text_color=&#8221;#FFFFFF&#8221; background_enable_color=&#8221;off&#8221; text_orientation=&#8221;right&#8221; global_colors_info=&#8221;{%22gcid-39bb5ebd-8d97-4670-a45a-b1ffd711f3fc%22:%91%22dropdown_menu_active_link_color%22,%22cart_icon_color%22,%22search_icon_color%22,%22menu_icon_color%22%93,%22gcid-f1f9244b-c8ab-43e1-95c3-c0bdf69ac7b5%22:%91%22dropdown_menu_bg_color%22,%22mobile_menu_bg_color%22%93,%22gcid-714b9843-c3e2-4fdc-916a-785e28b7a70d%22:%91%22dropdown_menu_line_color%22%93}&#8221;][\/et_pb_menu][\/et_pb_column][\/et_pb_row][et_pb_row _builder_version=&#8221;4.27.0&#8243; _module_preset=&#8221;default&#8221; global_colors_info=&#8221;{}&#8221;][et_pb_column type=&#8221;4_4&#8243; _builder_version=&#8221;4.27.0&#8243; _module_preset=&#8221;default&#8221; global_colors_info=&#8221;{}&#8221;][et_pb_button button_url=&#8221;https:\/\/anattaconsulting.hu\/privacy-policy\/&#8221; url_new_window=&#8221;on&#8221; button_text=&#8221;\u00c1SZF, \u00e9s Adatv\u00e9delmi t\u00e1j\u00e9koztat\u00f3&#8221; button_alignment=&#8221;right&#8221; _builder_version=&#8221;4.27.0&#8243; _module_preset=&#8221;default&#8221; custom_button=&#8221;on&#8221; button_bg_image=&#8221;https:\/\/anattaconsulting.hu\/wp-content\/uploads\/2024\/09\/background.webp&#8221; button_border_radius=&#8221;22px&#8221; button_font=&#8221;Acme||||||||&#8221; button_text_shadow_style=&#8221;preset3&#8243; button_text_shadow_color=&#8221;#000000&#8243; global_colors_info=&#8221;{}&#8221;][\/et_pb_button][\/et_pb_column][\/et_pb_row][\/et_pb_section]<\/p>\n","protected":false},"excerpt":{"rendered":"<p>Mott\u00f3nk: V\u00e1lj azz\u00e1, akinek lenned kell, vagy akinek sz\u00fclett\u00e9l! &nbsp;ANATTA CONSULTING Vezet\u0151fejleszt\u00e9s coaching eszk\u00f6z\u00f6kkel \u201eNem tan\u00edthatunk meg az embereknek semmit, csak seg\u00edthet\u00fcnk nekik felfedezni azt saj\u00e1t magukon bel\u00fcl.\u201d Galileo GalileiTeam coachingA\u00a0team coaching\u00a0egy csoportos fejleszt\u00e9si folyamat, amelynek c\u00e9lja egy csapat m\u0171k\u00f6d\u00e9s\u00e9nek optimaliz\u00e1l\u00e1sa, a kommunik\u00e1ci\u00f3 jav\u00edt\u00e1sa \u00e9s az egy\u00fcttm\u0171k\u00f6d\u00e9s er\u0151s\u00edt\u00e9se. A folyamat sor\u00e1n a coach t\u00e1mogatja a [&hellip;]<\/p>\n","protected":false},"author":1,"featured_media":0,"parent":0,"menu_order":0,"comment_status":"closed","ping_status":"closed","template":"","meta":{"_et_pb_use_builder":"on","_et_pb_old_content":"","_et_gb_content_width":"","footnotes":""},"class_list":["post-416","page","type-page","status-publish","hentry"],"yoast_head":"<!-- This site is optimized with the Yoast SEO plugin v27.4 - https:\/\/yoast.com\/product\/yoast-seo-wordpress\/ -->\n<title>Team coaching - Anatta Consulting<\/title>\n<meta name=\"description\" content=\"Az Anatta Consulting \u2013 n\u00e1l olyan fejleszt\u0151 szakemberek vannak, akik az id\u0151k folyam\u00e1n elv\u00e9gezt\u00e9k azt a bizonyos \u00f6nismereti munk\u00e1t \u00e9s felismert\u00e9k, hogy seg\u00edteni, fejleszteni, t\u00e1mogatni szeretn\u00e9k a vezet\u0151ket, az embereket, illetve azokat, akiknek erre ig\u00e9ny\u00fck van. Mert fejleszteni csak azt lehet, aki azt l\u00e9lekben eld\u00f6nt\u00f6tte.\" \/>\n<meta name=\"robots\" content=\"index, follow, max-snippet:-1, max-image-preview:large, max-video-preview:-1\" \/>\n<link rel=\"canonical\" href=\"https:\/\/anattaconsulting.hu\/en\/team-coaching\/\" \/>\n<meta property=\"og:locale\" content=\"en_GB\" \/>\n<meta property=\"og:type\" content=\"article\" \/>\n<meta property=\"og:title\" content=\"Team coaching - Anatta Consulting\" \/>\n<meta property=\"og:description\" content=\"Az Anatta Consulting \u2013 n\u00e1l olyan fejleszt\u0151 szakemberek vannak, akik az id\u0151k folyam\u00e1n elv\u00e9gezt\u00e9k azt a bizonyos \u00f6nismereti munk\u00e1t \u00e9s felismert\u00e9k, hogy seg\u00edteni, fejleszteni, t\u00e1mogatni szeretn\u00e9k a vezet\u0151ket, az embereket, illetve azokat, akiknek erre ig\u00e9ny\u00fck van. Mert fejleszteni csak azt lehet, aki azt l\u00e9lekben eld\u00f6nt\u00f6tte.\" \/>\n<meta property=\"og:url\" content=\"https:\/\/anattaconsulting.hu\/en\/team-coaching\/\" \/>\n<meta property=\"og:site_name\" content=\"Anatta Consulting\" \/>\n<meta property=\"article:modified_time\" content=\"2025-04-28T10:38:35+00:00\" \/>\n<meta property=\"og:image\" content=\"https:\/\/anattaconsulting.hu\/wp-content\/uploads\/2024\/09\/logo0.jpg\" \/>\n\t<meta property=\"og:image:width\" content=\"512\" \/>\n\t<meta property=\"og:image:height\" content=\"381\" \/>\n\t<meta property=\"og:image:type\" content=\"image\/jpeg\" \/>\n<meta name=\"twitter:card\" content=\"summary_large_image\" \/>\n<script type=\"application\/ld+json\" class=\"yoast-schema-graph\">{\"@context\":\"https:\\\/\\\/schema.org\",\"@graph\":[{\"@type\":\"WebPage\",\"@id\":\"https:\\\/\\\/anattaconsulting.hu\\\/team-coaching\\\/\",\"url\":\"https:\\\/\\\/anattaconsulting.hu\\\/team-coaching\\\/\",\"name\":\"Team coaching - Anatta Consulting\",\"isPartOf\":{\"@id\":\"https:\\\/\\\/anattaconsulting.hu\\\/#website\"},\"datePublished\":\"2025-03-24T17:02:08+00:00\",\"dateModified\":\"2025-04-28T10:38:35+00:00\",\"description\":\"Az Anatta Consulting \u2013 n\u00e1l olyan fejleszt\u0151 szakemberek vannak, akik az id\u0151k folyam\u00e1n elv\u00e9gezt\u00e9k azt a bizonyos \u00f6nismereti munk\u00e1t \u00e9s felismert\u00e9k, hogy seg\u00edteni, fejleszteni, t\u00e1mogatni szeretn\u00e9k a vezet\u0151ket, az embereket, illetve azokat, akiknek erre ig\u00e9ny\u00fck van. Mert fejleszteni csak azt lehet, aki azt l\u00e9lekben eld\u00f6nt\u00f6tte.\",\"breadcrumb\":{\"@id\":\"https:\\\/\\\/anattaconsulting.hu\\\/team-coaching\\\/#breadcrumb\"},\"inLanguage\":\"en-GB\",\"potentialAction\":[{\"@type\":\"ReadAction\",\"target\":[\"https:\\\/\\\/anattaconsulting.hu\\\/team-coaching\\\/\"]}]},{\"@type\":\"BreadcrumbList\",\"@id\":\"https:\\\/\\\/anattaconsulting.hu\\\/team-coaching\\\/#breadcrumb\",\"itemListElement\":[{\"@type\":\"ListItem\",\"position\":1,\"name\":\"Kezd\u0151lap\",\"item\":\"https:\\\/\\\/anattaconsulting.hu\\\/\"},{\"@type\":\"ListItem\",\"position\":2,\"name\":\"Team coaching\"}]},{\"@type\":\"WebSite\",\"@id\":\"https:\\\/\\\/anattaconsulting.hu\\\/#website\",\"url\":\"https:\\\/\\\/anattaconsulting.hu\\\/\",\"name\":\"Anatta Consulting\",\"description\":\"Vezet\u0151feljleszt\u00e9s coaching eszk\u00f6z\u00f6kkel\",\"publisher\":{\"@id\":\"https:\\\/\\\/anattaconsulting.hu\\\/#organization\"},\"potentialAction\":[{\"@type\":\"SearchAction\",\"target\":{\"@type\":\"EntryPoint\",\"urlTemplate\":\"https:\\\/\\\/anattaconsulting.hu\\\/?s={search_term_string}\"},\"query-input\":{\"@type\":\"PropertyValueSpecification\",\"valueRequired\":true,\"valueName\":\"search_term_string\"}}],\"inLanguage\":\"en-GB\"},{\"@type\":\"Organization\",\"@id\":\"https:\\\/\\\/anattaconsulting.hu\\\/#organization\",\"name\":\"Anatta Consulting\",\"url\":\"https:\\\/\\\/anattaconsulting.hu\\\/\",\"logo\":{\"@type\":\"ImageObject\",\"inLanguage\":\"en-GB\",\"@id\":\"https:\\\/\\\/anattaconsulting.hu\\\/#\\\/schema\\\/logo\\\/image\\\/\",\"url\":\"https:\\\/\\\/anattaconsulting.hu\\\/wp-content\\\/uploads\\\/2024\\\/09\\\/logo0.jpg\",\"contentUrl\":\"https:\\\/\\\/anattaconsulting.hu\\\/wp-content\\\/uploads\\\/2024\\\/09\\\/logo0.jpg\",\"width\":512,\"height\":381,\"caption\":\"Anatta Consulting\"},\"image\":{\"@id\":\"https:\\\/\\\/anattaconsulting.hu\\\/#\\\/schema\\\/logo\\\/image\\\/\"}}]}<\/script>\n<!-- \/ Yoast SEO plugin. -->","yoast_head_json":{"title":"Team coaching - Anatta Consulting","description":"Az Anatta Consulting \u2013 n\u00e1l olyan fejleszt\u0151 szakemberek vannak, akik az id\u0151k folyam\u00e1n elv\u00e9gezt\u00e9k azt a bizonyos \u00f6nismereti munk\u00e1t \u00e9s felismert\u00e9k, hogy seg\u00edteni, fejleszteni, t\u00e1mogatni szeretn\u00e9k a vezet\u0151ket, az embereket, illetve azokat, akiknek erre ig\u00e9ny\u00fck van. Mert fejleszteni csak azt lehet, aki azt l\u00e9lekben eld\u00f6nt\u00f6tte.","robots":{"index":"index","follow":"follow","max-snippet":"max-snippet:-1","max-image-preview":"max-image-preview:large","max-video-preview":"max-video-preview:-1"},"canonical":"https:\/\/anattaconsulting.hu\/en\/team-coaching\/","og_locale":"en_GB","og_type":"article","og_title":"Team coaching - Anatta Consulting","og_description":"Az Anatta Consulting \u2013 n\u00e1l olyan fejleszt\u0151 szakemberek vannak, akik az id\u0151k folyam\u00e1n elv\u00e9gezt\u00e9k azt a bizonyos \u00f6nismereti munk\u00e1t \u00e9s felismert\u00e9k, hogy seg\u00edteni, fejleszteni, t\u00e1mogatni szeretn\u00e9k a vezet\u0151ket, az embereket, illetve azokat, akiknek erre ig\u00e9ny\u00fck van. Mert fejleszteni csak azt lehet, aki azt l\u00e9lekben eld\u00f6nt\u00f6tte.","og_url":"https:\/\/anattaconsulting.hu\/en\/team-coaching\/","og_site_name":"Anatta Consulting","article_modified_time":"2025-04-28T10:38:35+00:00","og_image":[{"width":512,"height":381,"url":"https:\/\/anattaconsulting.hu\/wp-content\/uploads\/2024\/09\/logo0.jpg","type":"image\/jpeg"}],"twitter_card":"summary_large_image","schema":{"@context":"https:\/\/schema.org","@graph":[{"@type":"WebPage","@id":"https:\/\/anattaconsulting.hu\/team-coaching\/","url":"https:\/\/anattaconsulting.hu\/team-coaching\/","name":"Team coaching - Anatta Consulting","isPartOf":{"@id":"https:\/\/anattaconsulting.hu\/#website"},"datePublished":"2025-03-24T17:02:08+00:00","dateModified":"2025-04-28T10:38:35+00:00","description":"Az Anatta Consulting \u2013 n\u00e1l olyan fejleszt\u0151 szakemberek vannak, akik az id\u0151k folyam\u00e1n elv\u00e9gezt\u00e9k azt a bizonyos \u00f6nismereti munk\u00e1t \u00e9s felismert\u00e9k, hogy seg\u00edteni, fejleszteni, t\u00e1mogatni szeretn\u00e9k a vezet\u0151ket, az embereket, illetve azokat, akiknek erre ig\u00e9ny\u00fck van. Mert fejleszteni csak azt lehet, aki azt l\u00e9lekben eld\u00f6nt\u00f6tte.","breadcrumb":{"@id":"https:\/\/anattaconsulting.hu\/team-coaching\/#breadcrumb"},"inLanguage":"en-GB","potentialAction":[{"@type":"ReadAction","target":["https:\/\/anattaconsulting.hu\/team-coaching\/"]}]},{"@type":"BreadcrumbList","@id":"https:\/\/anattaconsulting.hu\/team-coaching\/#breadcrumb","itemListElement":[{"@type":"ListItem","position":1,"name":"Kezd\u0151lap","item":"https:\/\/anattaconsulting.hu\/"},{"@type":"ListItem","position":2,"name":"Team coaching"}]},{"@type":"WebSite","@id":"https:\/\/anattaconsulting.hu\/#website","url":"https:\/\/anattaconsulting.hu\/","name":"Anatta Consulting","description":"Vezet\u0151feljleszt\u00e9s coaching eszk\u00f6z\u00f6kkel","publisher":{"@id":"https:\/\/anattaconsulting.hu\/#organization"},"potentialAction":[{"@type":"SearchAction","target":{"@type":"EntryPoint","urlTemplate":"https:\/\/anattaconsulting.hu\/?s={search_term_string}"},"query-input":{"@type":"PropertyValueSpecification","valueRequired":true,"valueName":"search_term_string"}}],"inLanguage":"en-GB"},{"@type":"Organization","@id":"https:\/\/anattaconsulting.hu\/#organization","name":"Anatta Consulting","url":"https:\/\/anattaconsulting.hu\/","logo":{"@type":"ImageObject","inLanguage":"en-GB","@id":"https:\/\/anattaconsulting.hu\/#\/schema\/logo\/image\/","url":"https:\/\/anattaconsulting.hu\/wp-content\/uploads\/2024\/09\/logo0.jpg","contentUrl":"https:\/\/anattaconsulting.hu\/wp-content\/uploads\/2024\/09\/logo0.jpg","width":512,"height":381,"caption":"Anatta Consulting"},"image":{"@id":"https:\/\/anattaconsulting.hu\/#\/schema\/logo\/image\/"}}]}},"_links":{"self":[{"href":"https:\/\/anattaconsulting.hu\/en\/wp-json\/wp\/v2\/pages\/416","targetHints":{"allow":["GET"]}}],"collection":[{"href":"https:\/\/anattaconsulting.hu\/en\/wp-json\/wp\/v2\/pages"}],"about":[{"href":"https:\/\/anattaconsulting.hu\/en\/wp-json\/wp\/v2\/types\/page"}],"author":[{"embeddable":true,"href":"https:\/\/anattaconsulting.hu\/en\/wp-json\/wp\/v2\/users\/1"}],"replies":[{"embeddable":true,"href":"https:\/\/anattaconsulting.hu\/en\/wp-json\/wp\/v2\/comments?post=416"}],"version-history":[{"count":5,"href":"https:\/\/anattaconsulting.hu\/en\/wp-json\/wp\/v2\/pages\/416\/revisions"}],"predecessor-version":[{"id":601,"href":"https:\/\/anattaconsulting.hu\/en\/wp-json\/wp\/v2\/pages\/416\/revisions\/601"}],"wp:attachment":[{"href":"https:\/\/anattaconsulting.hu\/en\/wp-json\/wp\/v2\/media?parent=416"}],"curies":[{"name":"wp","href":"https:\/\/api.w.org\/{rel}","templated":true}]}}