{"id":192,"date":"2024-09-11T09:49:28","date_gmt":"2024-09-11T09:49:28","guid":{"rendered":"https:\/\/anattaconsulting.hu\/?page_id=192"},"modified":"2024-09-11T10:00:03","modified_gmt":"2024-09-11T10:00:03","slug":"404-2","status":"publish","type":"page","link":"https:\/\/anattaconsulting.hu\/en\/404-2\/","title":{"rendered":"404"},"content":{"rendered":"<p>[et_pb_section fb_built=&#8221;1&#8243; admin_label=&#8221;Header&#8221; _builder_version=&#8221;4.27.0&#8243; _module_preset=&#8221;default&#8221; background_color=&#8221;gcid-b0afb9e7-00cb-4a3b-9bdf-e3137e7083ae&#8221; background_image=&#8221;https:\/\/anattaconsulting.hu\/wp-content\/uploads\/2024\/09\/financial-planning-6c.png&#8221; background_size=&#8221;initial&#8221; background_position=&#8221;top_center&#8221; background_vertical_offset=&#8221;30px&#8221; overflow-x=&#8221;hidden&#8221; overflow-y=&#8221;hidden&#8221; custom_padding=&#8221;4vw||||false|false&#8221; collapsed=&#8221;on&#8221; global_colors_info=&#8221;{%22gcid-b0afb9e7-00cb-4a3b-9bdf-e3137e7083ae%22:%91%22background_color%22%93}&#8221;][et_pb_row column_structure=&#8221;2_3,1_3&#8243; _builder_version=&#8221;4.22.0&#8243; _module_preset=&#8221;default&#8221; global_colors_info=&#8221;{}&#8221;][et_pb_column type=&#8221;2_3&#8243; _builder_version=&#8221;4.22.0&#8243; _module_preset=&#8221;default&#8221; global_colors_info=&#8221;{}&#8221;][et_pb_text _builder_version=&#8221;4.22.0&#8243; _module_preset=&#8221;6b0065b4-5515-4447-903d-f7a14490e058&#8243; header_text_color=&#8221;#FFFFFF&#8221; global_colors_info=&#8221;{}&#8221;]<\/p>\n<h1>sorry!\u00a0<\/h1>\n<p>&nbsp;<\/p>\n<h1>acces denied<\/h1>\n<p>[\/et_pb_text][\/et_pb_column][et_pb_column type=&#8221;1_3&#8243; _builder_version=&#8221;4.22.0&#8243; _module_preset=&#8221;default&#8221; global_colors_info=&#8221;{}&#8221;][et_pb_text _builder_version=&#8221;4.27.0&#8243; _module_preset=&#8221;default&#8221; text_font=&#8221;Georgia||||||||&#8221; text_text_color=&#8221;#FFFFFF&#8221; text_font_size=&#8221;28px&#8221; text_line_height=&#8221;1.9em&#8221; text_text_shadow_style=&#8221;preset3&#8243; text_text_shadow_color=&#8221;#E02B20&#8243; hover_enabled=&#8221;0&#8243; sticky_enabled=&#8221;0&#8243;]<\/p>\n<p style=\"text-align: center;\">K\u00e9rj\u00fck ellen\u0151rizze az \u00d6n \u00e1ltal be\u00edrt URL helyess\u00e9g\u00e9t.<\/p>\n<p style=\"text-align: center;\">Please check that the URL You entered is correct.<\/p>\n<p>&nbsp;<\/p>\n<p>[\/et_pb_text][\/et_pb_column][\/et_pb_row][et_pb_row column_structure=&#8221;1_4,1_4,1_4,1_4&#8243; use_custom_gutter=&#8221;on&#8221; gutter_width=&#8221;1&#8243; _builder_version=&#8221;4.27.0&#8243; _module_preset=&#8221;default&#8221; custom_padding=&#8221;60px||60px||true|false&#8221; locked=&#8221;off&#8221; global_colors_info=&#8221;{}&#8221;][et_pb_column type=&#8221;1_4&#8243; _builder_version=&#8221;4.21.0&#8243; _module_preset=&#8221;default&#8221; global_colors_info=&#8221;{}&#8221;][et_pb_image src=&#8221;https:\/\/anattaconsulting.hu\/wp-content\/uploads\/2024\/09\/404-1024&#215;767.jpg&#8221; title_text=&#8221;404&#8243; align=&#8221;center&#8221; _builder_version=&#8221;4.27.0&#8243; _module_preset=&#8221;default&#8221; transform_rotate=&#8221;0deg|0deg|-15deg&#8221; max_height_tablet=&#8221;&#8221; max_height_phone=&#8221;250px&#8221; max_height_last_edited=&#8221;on|phone&#8221; border_radii=&#8221;on|10px|10px|10px|10px&#8221; box_shadow_style=&#8221;preset4&#8243; box_shadow_horizontal=&#8221;-60px&#8221; box_shadow_vertical=&#8221;60px&#8221; box_shadow_blur=&#8221;150px&#8221; box_shadow_color=&#8221;rgba(52,64,84,0.3)&#8221; global_colors_info=&#8221;{}&#8221;][\/et_pb_image][\/et_pb_column][et_pb_column type=&#8221;1_4&#8243; _builder_version=&#8221;4.21.0&#8243; _module_preset=&#8221;default&#8221; global_colors_info=&#8221;{}&#8221;][et_pb_image src=&#8221;https:\/\/anattaconsulting.hu\/wp-content\/uploads\/2024\/09\/404.jpg&#8221; title_text=&#8221;404&#8243; _builder_version=&#8221;4.27.0&#8243; _module_preset=&#8221;default&#8221; transform_rotate=&#8221;0deg|0deg|15deg&#8221; max_height_tablet=&#8221;&#8221; max_height_phone=&#8221;250px&#8221; max_height_last_edited=&#8221;on|phone&#8221; border_radii=&#8221;on|10px|10px|10px|10px&#8221; box_shadow_style=&#8221;preset4&#8243; box_shadow_horizontal=&#8221;-60px&#8221; box_shadow_vertical=&#8221;60px&#8221; box_shadow_blur=&#8221;150px&#8221; box_shadow_color=&#8221;rgba(52,64,84,0.3)&#8221; locked=&#8221;off&#8221; global_colors_info=&#8221;{}&#8221;][\/et_pb_image][\/et_pb_column][et_pb_column type=&#8221;1_4&#8243; _builder_version=&#8221;4.22.0&#8243; _module_preset=&#8221;default&#8221; z_index=&#8221;10&#8243; global_colors_info=&#8221;{}&#8221;][et_pb_image src=&#8221;https:\/\/anattaconsulting.hu\/wp-content\/uploads\/2024\/09\/404.jpg&#8221; title_text=&#8221;404&#8243; align=&#8221;right&#8221; _builder_version=&#8221;4.27.0&#8243; _module_preset=&#8221;default&#8221; transform_rotate=&#8221;0deg|0deg|-15deg&#8221; max_height_tablet=&#8221;&#8221; max_height_phone=&#8221;250px&#8221; max_height_last_edited=&#8221;on|phone&#8221; border_radii=&#8221;on|10px|10px|10px|10px&#8221; box_shadow_style=&#8221;preset4&#8243; box_shadow_horizontal=&#8221;-60px&#8221; box_shadow_vertical=&#8221;60px&#8221; box_shadow_blur=&#8221;150px&#8221; box_shadow_color=&#8221;rgba(52,64,84,0.3)&#8221; locked=&#8221;off&#8221; global_colors_info=&#8221;{}&#8221;][\/et_pb_image][\/et_pb_column][et_pb_column type=&#8221;1_4&#8243; _builder_version=&#8221;4.21.0&#8243; _module_preset=&#8221;default&#8221; global_colors_info=&#8221;{}&#8221;][\/et_pb_column][\/et_pb_row][\/et_pb_section]<\/p>\n","protected":false},"excerpt":{"rendered":"<p>sorry!\u00a0 &nbsp; acces deniedK\u00e9rj\u00fck ellen\u0151rizze az \u00d6n \u00e1ltal be\u00edrt URL helyess\u00e9g\u00e9t. Please check that the URL You entered is correct. &nbsp;<\/p>","protected":false},"author":1,"featured_media":0,"parent":0,"menu_order":0,"comment_status":"closed","ping_status":"closed","template":"","meta":{"_et_pb_use_builder":"on","_et_pb_old_content":"","_et_gb_content_width":"","footnotes":""},"class_list":["post-192","page","type-page","status-publish","hentry"],"yoast_head":"<!-- This site is optimized with the Yoast SEO plugin v27.5 - https:\/\/yoast.com\/product\/yoast-seo-wordpress\/ -->\n<title>404 - Anatta Consulting<\/title>\n<meta name=\"description\" content=\"Az Anatta Consulting \u2013 n\u00e1l olyan fejleszt\u0151 szakemberek vannak, akik az id\u0151k folyam\u00e1n elv\u00e9gezt\u00e9k azt a bizonyos \u00f6nismereti munk\u00e1t \u00e9s felismert\u00e9k, hogy seg\u00edteni, fejleszteni, t\u00e1mogatni szeretn\u00e9k a vezet\u0151ket, az embereket, illetve azokat, akiknek erre ig\u00e9ny\u00fck van. Mert fejleszteni csak azt lehet, aki azt l\u00e9lekben eld\u00f6nt\u00f6tte.\" \/>\n<meta name=\"robots\" content=\"index, follow, max-snippet:-1, max-image-preview:large, max-video-preview:-1\" \/>\n<link rel=\"canonical\" href=\"https:\/\/anattaconsulting.hu\/en\/404-2\/\" \/>\n<meta property=\"og:locale\" content=\"en_GB\" \/>\n<meta property=\"og:type\" content=\"article\" \/>\n<meta property=\"og:title\" content=\"404 - Anatta Consulting\" \/>\n<meta property=\"og:description\" content=\"Az Anatta Consulting \u2013 n\u00e1l olyan fejleszt\u0151 szakemberek vannak, akik az id\u0151k folyam\u00e1n elv\u00e9gezt\u00e9k azt a bizonyos \u00f6nismereti munk\u00e1t \u00e9s felismert\u00e9k, hogy seg\u00edteni, fejleszteni, t\u00e1mogatni szeretn\u00e9k a vezet\u0151ket, az embereket, illetve azokat, akiknek erre ig\u00e9ny\u00fck van. Mert fejleszteni csak azt lehet, aki azt l\u00e9lekben eld\u00f6nt\u00f6tte.\" \/>\n<meta property=\"og:url\" content=\"https:\/\/anattaconsulting.hu\/en\/404-2\/\" \/>\n<meta property=\"og:site_name\" content=\"Anatta Consulting\" \/>\n<meta property=\"article:modified_time\" content=\"2024-09-11T10:00:03+00:00\" \/>\n<meta property=\"og:image\" content=\"https:\/\/anattaconsulting.hu\/wp-content\/uploads\/2024\/09\/logo0.jpg\" \/>\n\t<meta property=\"og:image:width\" content=\"512\" \/>\n\t<meta property=\"og:image:height\" content=\"381\" \/>\n\t<meta property=\"og:image:type\" content=\"image\/jpeg\" \/>\n<meta name=\"twitter:card\" content=\"summary_large_image\" \/>\n<meta name=\"twitter:label1\" content=\"Estimated reading time\" \/>\n\t<meta name=\"twitter:data1\" content=\"3 minutes\" \/>\n<script type=\"application\/ld+json\" class=\"yoast-schema-graph\">{\"@context\":\"https:\\\/\\\/schema.org\",\"@graph\":[{\"@type\":\"WebPage\",\"@id\":\"https:\\\/\\\/anattaconsulting.hu\\\/404-2\\\/\",\"url\":\"https:\\\/\\\/anattaconsulting.hu\\\/404-2\\\/\",\"name\":\"404 - Anatta Consulting\",\"isPartOf\":{\"@id\":\"https:\\\/\\\/anattaconsulting.hu\\\/#website\"},\"datePublished\":\"2024-09-11T09:49:28+00:00\",\"dateModified\":\"2024-09-11T10:00:03+00:00\",\"description\":\"Az Anatta Consulting \u2013 n\u00e1l olyan fejleszt\u0151 szakemberek vannak, akik az id\u0151k folyam\u00e1n elv\u00e9gezt\u00e9k azt a bizonyos \u00f6nismereti munk\u00e1t \u00e9s felismert\u00e9k, hogy seg\u00edteni, fejleszteni, t\u00e1mogatni szeretn\u00e9k a vezet\u0151ket, az embereket, illetve azokat, akiknek erre ig\u00e9ny\u00fck van. Mert fejleszteni csak azt lehet, aki azt l\u00e9lekben eld\u00f6nt\u00f6tte.\",\"breadcrumb\":{\"@id\":\"https:\\\/\\\/anattaconsulting.hu\\\/404-2\\\/#breadcrumb\"},\"inLanguage\":\"en-GB\",\"potentialAction\":[{\"@type\":\"ReadAction\",\"target\":[\"https:\\\/\\\/anattaconsulting.hu\\\/404-2\\\/\"]}]},{\"@type\":\"BreadcrumbList\",\"@id\":\"https:\\\/\\\/anattaconsulting.hu\\\/404-2\\\/#breadcrumb\",\"itemListElement\":[{\"@type\":\"ListItem\",\"position\":1,\"name\":\"Kezd\u0151lap\",\"item\":\"https:\\\/\\\/anattaconsulting.hu\\\/\"},{\"@type\":\"ListItem\",\"position\":2,\"name\":\"404\"}]},{\"@type\":\"WebSite\",\"@id\":\"https:\\\/\\\/anattaconsulting.hu\\\/#website\",\"url\":\"https:\\\/\\\/anattaconsulting.hu\\\/\",\"name\":\"Anatta Consulting\",\"description\":\"Vezet\u0151feljleszt\u00e9s coaching eszk\u00f6z\u00f6kkel\",\"publisher\":{\"@id\":\"https:\\\/\\\/anattaconsulting.hu\\\/#organization\"},\"potentialAction\":[{\"@type\":\"SearchAction\",\"target\":{\"@type\":\"EntryPoint\",\"urlTemplate\":\"https:\\\/\\\/anattaconsulting.hu\\\/?s={search_term_string}\"},\"query-input\":{\"@type\":\"PropertyValueSpecification\",\"valueRequired\":true,\"valueName\":\"search_term_string\"}}],\"inLanguage\":\"en-GB\"},{\"@type\":\"Organization\",\"@id\":\"https:\\\/\\\/anattaconsulting.hu\\\/#organization\",\"name\":\"Anatta Consulting\",\"url\":\"https:\\\/\\\/anattaconsulting.hu\\\/\",\"logo\":{\"@type\":\"ImageObject\",\"inLanguage\":\"en-GB\",\"@id\":\"https:\\\/\\\/anattaconsulting.hu\\\/#\\\/schema\\\/logo\\\/image\\\/\",\"url\":\"https:\\\/\\\/anattaconsulting.hu\\\/wp-content\\\/uploads\\\/2024\\\/09\\\/logo0.jpg\",\"contentUrl\":\"https:\\\/\\\/anattaconsulting.hu\\\/wp-content\\\/uploads\\\/2024\\\/09\\\/logo0.jpg\",\"width\":512,\"height\":381,\"caption\":\"Anatta Consulting\"},\"image\":{\"@id\":\"https:\\\/\\\/anattaconsulting.hu\\\/#\\\/schema\\\/logo\\\/image\\\/\"}}]}<\/script>\n<!-- \/ Yoast SEO plugin. -->","yoast_head_json":{"title":"404 - Anatta Consulting","description":"Az Anatta Consulting \u2013 n\u00e1l olyan fejleszt\u0151 szakemberek vannak, akik az id\u0151k folyam\u00e1n elv\u00e9gezt\u00e9k azt a bizonyos \u00f6nismereti munk\u00e1t \u00e9s felismert\u00e9k, hogy seg\u00edteni, fejleszteni, t\u00e1mogatni szeretn\u00e9k a vezet\u0151ket, az embereket, illetve azokat, akiknek erre ig\u00e9ny\u00fck van. Mert fejleszteni csak azt lehet, aki azt l\u00e9lekben eld\u00f6nt\u00f6tte.","robots":{"index":"index","follow":"follow","max-snippet":"max-snippet:-1","max-image-preview":"max-image-preview:large","max-video-preview":"max-video-preview:-1"},"canonical":"https:\/\/anattaconsulting.hu\/en\/404-2\/","og_locale":"en_GB","og_type":"article","og_title":"404 - Anatta Consulting","og_description":"Az Anatta Consulting \u2013 n\u00e1l olyan fejleszt\u0151 szakemberek vannak, akik az id\u0151k folyam\u00e1n elv\u00e9gezt\u00e9k azt a bizonyos \u00f6nismereti munk\u00e1t \u00e9s felismert\u00e9k, hogy seg\u00edteni, fejleszteni, t\u00e1mogatni szeretn\u00e9k a vezet\u0151ket, az embereket, illetve azokat, akiknek erre ig\u00e9ny\u00fck van. Mert fejleszteni csak azt lehet, aki azt l\u00e9lekben eld\u00f6nt\u00f6tte.","og_url":"https:\/\/anattaconsulting.hu\/en\/404-2\/","og_site_name":"Anatta Consulting","article_modified_time":"2024-09-11T10:00:03+00:00","og_image":[{"width":512,"height":381,"url":"https:\/\/anattaconsulting.hu\/wp-content\/uploads\/2024\/09\/logo0.jpg","type":"image\/jpeg"}],"twitter_card":"summary_large_image","twitter_misc":{"Estimated reading time":"3 minutes"},"schema":{"@context":"https:\/\/schema.org","@graph":[{"@type":"WebPage","@id":"https:\/\/anattaconsulting.hu\/404-2\/","url":"https:\/\/anattaconsulting.hu\/404-2\/","name":"404 - Anatta Consulting","isPartOf":{"@id":"https:\/\/anattaconsulting.hu\/#website"},"datePublished":"2024-09-11T09:49:28+00:00","dateModified":"2024-09-11T10:00:03+00:00","description":"Az Anatta Consulting \u2013 n\u00e1l olyan fejleszt\u0151 szakemberek vannak, akik az id\u0151k folyam\u00e1n elv\u00e9gezt\u00e9k azt a bizonyos \u00f6nismereti munk\u00e1t \u00e9s felismert\u00e9k, hogy seg\u00edteni, fejleszteni, t\u00e1mogatni szeretn\u00e9k a vezet\u0151ket, az embereket, illetve azokat, akiknek erre ig\u00e9ny\u00fck van. Mert fejleszteni csak azt lehet, aki azt l\u00e9lekben eld\u00f6nt\u00f6tte.","breadcrumb":{"@id":"https:\/\/anattaconsulting.hu\/404-2\/#breadcrumb"},"inLanguage":"en-GB","potentialAction":[{"@type":"ReadAction","target":["https:\/\/anattaconsulting.hu\/404-2\/"]}]},{"@type":"BreadcrumbList","@id":"https:\/\/anattaconsulting.hu\/404-2\/#breadcrumb","itemListElement":[{"@type":"ListItem","position":1,"name":"Kezd\u0151lap","item":"https:\/\/anattaconsulting.hu\/"},{"@type":"ListItem","position":2,"name":"404"}]},{"@type":"WebSite","@id":"https:\/\/anattaconsulting.hu\/#website","url":"https:\/\/anattaconsulting.hu\/","name":"Anatta Consulting","description":"Vezet\u0151feljleszt\u00e9s coaching eszk\u00f6z\u00f6kkel","publisher":{"@id":"https:\/\/anattaconsulting.hu\/#organization"},"potentialAction":[{"@type":"SearchAction","target":{"@type":"EntryPoint","urlTemplate":"https:\/\/anattaconsulting.hu\/?s={search_term_string}"},"query-input":{"@type":"PropertyValueSpecification","valueRequired":true,"valueName":"search_term_string"}}],"inLanguage":"en-GB"},{"@type":"Organization","@id":"https:\/\/anattaconsulting.hu\/#organization","name":"Anatta Consulting","url":"https:\/\/anattaconsulting.hu\/","logo":{"@type":"ImageObject","inLanguage":"en-GB","@id":"https:\/\/anattaconsulting.hu\/#\/schema\/logo\/image\/","url":"https:\/\/anattaconsulting.hu\/wp-content\/uploads\/2024\/09\/logo0.jpg","contentUrl":"https:\/\/anattaconsulting.hu\/wp-content\/uploads\/2024\/09\/logo0.jpg","width":512,"height":381,"caption":"Anatta Consulting"},"image":{"@id":"https:\/\/anattaconsulting.hu\/#\/schema\/logo\/image\/"}}]}},"_links":{"self":[{"href":"https:\/\/anattaconsulting.hu\/en\/wp-json\/wp\/v2\/pages\/192","targetHints":{"allow":["GET"]}}],"collection":[{"href":"https:\/\/anattaconsulting.hu\/en\/wp-json\/wp\/v2\/pages"}],"about":[{"href":"https:\/\/anattaconsulting.hu\/en\/wp-json\/wp\/v2\/types\/page"}],"author":[{"embeddable":true,"href":"https:\/\/anattaconsulting.hu\/en\/wp-json\/wp\/v2\/users\/1"}],"replies":[{"embeddable":true,"href":"https:\/\/anattaconsulting.hu\/en\/wp-json\/wp\/v2\/comments?post=192"}],"version-history":[{"count":4,"href":"https:\/\/anattaconsulting.hu\/en\/wp-json\/wp\/v2\/pages\/192\/revisions"}],"predecessor-version":[{"id":215,"href":"https:\/\/anattaconsulting.hu\/en\/wp-json\/wp\/v2\/pages\/192\/revisions\/215"}],"wp:attachment":[{"href":"https:\/\/anattaconsulting.hu\/en\/wp-json\/wp\/v2\/media?parent=192"}],"curies":[{"name":"wp","href":"https:\/\/api.w.org\/{rel}","templated":true}]}}