{"id":129,"date":"2024-09-10T13:34:32","date_gmt":"2024-09-10T13:34:32","guid":{"rendered":"https:\/\/anattaconsulting.hu\/?page_id=129"},"modified":"2025-04-24T09:48:50","modified_gmt":"2025-04-24T09:48:50","slug":"kapcsolat","status":"publish","type":"page","link":"https:\/\/anattaconsulting.hu\/en\/kapcsolat\/","title":{"rendered":"Contact"},"content":{"rendered":"<p>[et_pb_section fb_built=&#8221;1&#8243; custom_padding_last_edited=&#8221;on|tablet&#8221; admin_label=&#8221;Hero&#8221; _builder_version=&#8221;4.27.0&#8243; background_image=&#8221;https:\/\/anattaconsulting.hu\/wp-content\/uploads\/2024\/09\/background.webp&#8221; custom_padding=&#8221;6vw|0px|14vw|0px|false|false&#8221; custom_padding_tablet=&#8221;||6vw|&#8221; custom_padding_phone=&#8221;&#8221; global_colors_info=&#8221;{}&#8221;][et_pb_row _builder_version=&#8221;4.16&#8243; global_colors_info=&#8221;{}&#8221;][et_pb_column type=&#8221;4_4&#8243; _builder_version=&#8221;4.16&#8243; custom_padding=&#8221;|||&#8221; global_colors_info=&#8221;{}&#8221; custom_padding__hover=&#8221;|||&#8221;][et_pb_text _builder_version=&#8221;4.27.0&#8243; text_font=&#8221;Georgia||||||||&#8221; text_font_size=&#8221;37px&#8221; text_line_height=&#8221;1.8em&#8221; ul_font=&#8221;||||||||&#8221; ol_font=&#8221;||||||||&#8221; header_font=&#8221;Georgia|700|||||||&#8221; header_font_size=&#8221;68px&#8221; header_letter_spacing=&#8221;5px&#8221; header_line_height=&#8221;1.5em&#8221; header_2_font=&#8221;||||||||&#8221; header_3_font=&#8221;Lato|700||on|||||&#8221; header_3_text_color=&#8221;#ffffff&#8221; header_3_font_size=&#8221;20px&#8221; header_3_line_height=&#8221;1.5em&#8221; header_4_font=&#8221;||||||||&#8221; header_5_font=&#8221;||||||||&#8221; header_6_font=&#8221;||||||||&#8221; text_orientation=&#8221;center&#8221; background_layout=&#8221;dark&#8221; custom_margin=&#8221;|||&#8221; header_font_size_tablet=&#8221;50px&#8221; header_font_size_phone=&#8221;32px&#8221; header_font_size_last_edited=&#8221;on|tablet&#8221; header_3_font_size_tablet=&#8221;50px&#8221; header_3_font_size_phone=&#8221;32px&#8221; header_3_font_size_last_edited=&#8221;off|desktop&#8221; text_text_shadow_style=&#8221;preset3&#8243; text_text_shadow_color=&#8221;#EDF000&#8243; locked=&#8221;off&#8221; inline_fonts=&#8221;Abhaya Libre&#8221; global_colors_info=&#8221;{}&#8221;]<\/p>\n<p><strong>ANATTA CONSULTING<\/strong><\/p>\n<p>[\/et_pb_text][et_pb_text _builder_version=&#8221;4.27.0&#8243; _module_preset=&#8221;default&#8221; text_font=&#8221;Georgia||||||||&#8221; text_font_size=&#8221;33px&#8221; text_line_height=&#8221;1.8em&#8221; text_text_shadow_style=&#8221;preset3&#8243; text_text_shadow_color=&#8221;#EDF000&#8243; global_colors_info=&#8221;{}&#8221;]<\/p>\n<p style=\"text-align: center;\"><strong><span style=\"color: #ffffff;\">Vezet\u0151fejleszt\u00e9s coaching eszk\u00f6z\u00f6kkel<\/span><\/strong><\/p>\n<p>[\/et_pb_text][\/et_pb_column][\/et_pb_row][\/et_pb_section][et_pb_section fb_built=&#8221;1&#8243; admin_label=&#8221;Contact&#8221; _builder_version=&#8221;4.16&#8243; custom_margin=&#8221;|||&#8221; custom_padding=&#8221;50px|0px|100px|0px|false|false&#8221; global_colors_info=&#8221;{}&#8221;][et_pb_row column_structure=&#8221;1_3,2_3&#8243; custom_padding_last_edited=&#8221;on|phone&#8221; _builder_version=&#8221;4.16&#8243; background_color=&#8221;#3550a0&#8243; custom_margin=&#8221;-150px|||&#8221; custom_margin_tablet=&#8221;0px|||&#8221; custom_margin_phone=&#8221;|||&#8221; custom_margin_last_edited=&#8221;on|tablet&#8221; custom_padding=&#8221;80px|4%|80px|4%|true|true&#8221; custom_padding_tablet=&#8221;|50px||50px||true&#8221; custom_padding_phone=&#8221;24px|24px|24px|24px|true|true&#8221; animation_style=&#8221;zoom&#8221; animation_intensity_zoom=&#8221;2%&#8221; box_shadow_style=&#8221;preset3&#8243; box_shadow_vertical=&#8221;100px&#8221; box_shadow_blur=&#8221;100px&#8221; box_shadow_spread=&#8221;-60px&#8221; global_colors_info=&#8221;{}&#8221;][et_pb_column type=&#8221;1_3&#8243; _builder_version=&#8221;4.16&#8243; custom_padding=&#8221;|||&#8221; global_colors_info=&#8221;{}&#8221; custom_padding__hover=&#8221;|||&#8221;][et_pb_text _builder_version=&#8221;4.27.0&#8243; text_font=&#8221;Lato||||||||&#8221; text_font_size=&#8221;16px&#8221; text_line_height=&#8221;1.8em&#8221; link_font=&#8221;||||||||&#8221; link_text_color=&#8221;#ffffff&#8221; ul_font=&#8221;||||||||&#8221; ol_font=&#8221;||||||||&#8221; quote_font=&#8221;||||||||&#8221; header_font=&#8221;||||||||&#8221; header_font_size=&#8221;40px&#8221; header_2_font=&#8221;Playfair Display|700|||||||&#8221; header_2_font_size=&#8221;40px&#8221; header_2_line_height=&#8221;1.5em&#8221; header_3_font=&#8221;||||||||&#8221; header_4_font=&#8221;Lato|700|||||||&#8221; header_4_font_size=&#8221;16px&#8221; header_4_line_height=&#8221;1.5em&#8221; header_5_font=&#8221;||||||||&#8221; header_6_font=&#8221;||||||||&#8221; background_layout=&#8221;dark&#8221; custom_margin=&#8221;|||&#8221; custom_padding=&#8221;|||&#8221; header_font_size_tablet=&#8221;30px&#8221; header_font_size_phone=&#8221;24px&#8221; header_font_size_last_edited=&#8221;on|phone&#8221; header_2_font_size_tablet=&#8221;30px&#8221; header_2_font_size_phone=&#8221;&#8221; header_2_font_size_last_edited=&#8221;on|tablet&#8221; locked=&#8221;off&#8221; global_colors_info=&#8221;{}&#8221;]<\/p>\n<h2>Kapcsolat<\/h2>\n<h4>Telefon:<\/h4>\n<p><a href=\"tel:+36703835095\" target=\"_blank\" rel=\"noopener\">+36 70 383 50 95<\/a><\/p>\n<h4>E-mail<\/h4>\n<p><a href=\"mailto:imricsak.laszlo@anattaconsulting.hu\" target=\"_blank\" rel=\"noopener\">imricsak.laszlo@anattaconsulting.hu<\/a><\/p>\n<h4>C\u00e9ginfo:<\/h4>\n<p>ILS-NRG KFT.<\/p>\n<p>C\u00e9gjegyz\u00e9k sz\u00e1ma: 13 09 225004<\/p>\n<p>Ad\u00f3sz\u00e1ma: 32185924-2-13<\/p>\n<p>[\/et_pb_text][\/et_pb_column][et_pb_column type=&#8221;2_3&#8243; _builder_version=&#8221;4.16&#8243; custom_padding=&#8221;|||&#8221; global_colors_info=&#8221;{}&#8221; custom_padding__hover=&#8221;|||&#8221;][et_pb_contact_form captcha=&#8221;off&#8221; email=&#8221;imricsak.laszlo@anattaconsulting.hu&#8221; custom_message=&#8221;\u00dczenet a honlapr\u00f3l! ||et_pb_line_break_holder||||et_pb_line_break_holder||N\u00e9v: %%Name%%||et_pb_line_break_holder||||et_pb_line_break_holder||Telefon: %%Phone_number%%||et_pb_line_break_holder||||et_pb_line_break_holder||Email: %%Email%%||et_pb_line_break_holder||||et_pb_line_break_holder||Milyen c\u00e9llal keres coach lehet\u0151s\u00e9get?: %%Service%%||et_pb_line_break_holder||||et_pb_line_break_holder||\u00dczenet: %%Message%%||et_pb_line_break_holder||||et_pb_line_break_holder||&#8221; success_message=&#8221;K\u00f6sz\u00f6nj\u00fck az \u00fczenet\u00e9t. Hamarosan jelentkez\u00fcnk! &#8221; submit_button_text=&#8221;K\u00fcld\u00e9s&#8221; module_id=&#8221;et_pb_contact_form_0&#8243; _builder_version=&#8221;4.27.4&#8243; form_field_background_color=&#8221;rgba(0,0,0,0.1)&#8221; form_field_text_color=&#8221;#EDF000&#8243; form_field_focus_text_color=&#8221;#7CDA24&#8243; title_level=&#8221;h2&#8243; title_font=&#8221;||||||||&#8221; title_text_align=&#8221;center&#8221; title_text_color=&#8221;#ffffff&#8221; title_font_size=&#8221;50px&#8221; title_line_height=&#8221;1.5em&#8221; form_field_font=&#8221;||||||||&#8221; form_field_font_size=&#8221;16px&#8221; form_field_line_height=&#8221;1.5em&#8221; custom_button=&#8221;on&#8221; button_text_size=&#8221;16px&#8221; button_text_color=&#8221;#3550a0&#8243; button_bg_color=&#8221;#ffffff&#8221; button_bg_enable_image=&#8221;off&#8221; button_border_width=&#8221;10px&#8221; button_border_color=&#8221;rgba(210,159,104,0)&#8221; button_border_radius=&#8221;100px&#8221; button_font=&#8221;Lato|900|||||||&#8221; button_use_icon=&#8221;off&#8221; max_width=&#8221;750px&#8221; max_width_last_edited=&#8221;off|desktop&#8221; module_alignment=&#8221;center&#8221; custom_margin=&#8221;|||&#8221; custom_margin_tablet=&#8221;|50px||50px&#8221; custom_margin_phone=&#8221;|50px||50px&#8221; custom_margin_last_edited=&#8221;off|desktop&#8221; hover_enabled=&#8221;0&#8243; form_background_color=&#8221;rgba(0,0,0,0.1)&#8221; global_colors_info=&#8221;{}&#8221; sticky_enabled=&#8221;0&#8243;][et_pb_contact_field field_id=&#8221;Name&#8221; field_title=&#8221;N\u00e9v&#8221; _builder_version=&#8221;4.27.0&#8243; global_colors_info=&#8221;{}&#8221; button_text_size__hover_enabled=&#8221;off&#8221; button_one_text_size__hover_enabled=&#8221;off&#8221; button_two_text_size__hover_enabled=&#8221;off&#8221; button_text_color__hover_enabled=&#8221;off&#8221; button_one_text_color__hover_enabled=&#8221;off&#8221; button_two_text_color__hover_enabled=&#8221;off&#8221; button_border_width__hover_enabled=&#8221;off&#8221; button_one_border_width__hover_enabled=&#8221;off&#8221; button_two_border_width__hover_enabled=&#8221;off&#8221; button_border_color__hover_enabled=&#8221;off&#8221; button_one_border_color__hover_enabled=&#8221;off&#8221; button_two_border_color__hover_enabled=&#8221;off&#8221; button_border_radius__hover_enabled=&#8221;off&#8221; button_one_border_radius__hover_enabled=&#8221;off&#8221; button_two_border_radius__hover_enabled=&#8221;off&#8221; button_letter_spacing__hover_enabled=&#8221;off&#8221; button_one_letter_spacing__hover_enabled=&#8221;off&#8221; button_two_letter_spacing__hover_enabled=&#8221;off&#8221; button_bg_color__hover_enabled=&#8221;off&#8221; button_one_bg_color__hover_enabled=&#8221;off&#8221; button_two_bg_color__hover_enabled=&#8221;off&#8221;][\/et_pb_contact_field][et_pb_contact_field field_id=&#8221;Phone_Number&#8221; field_title=&#8221;Telefonsz\u00e1m (pl.: 201234567)&#8221; min_length=&#8221;8&#8243; max_length=&#8221;17&#8243; allowed_symbols=&#8221;numbers&#8221; _builder_version=&#8221;4.27.0&#8243; global_colors_info=&#8221;{}&#8221; button_text_size__hover_enabled=&#8221;off&#8221; button_one_text_size__hover_enabled=&#8221;off&#8221; button_two_text_size__hover_enabled=&#8221;off&#8221; button_text_color__hover_enabled=&#8221;off&#8221; button_one_text_color__hover_enabled=&#8221;off&#8221; button_two_text_color__hover_enabled=&#8221;off&#8221; button_border_width__hover_enabled=&#8221;off&#8221; button_one_border_width__hover_enabled=&#8221;off&#8221; button_two_border_width__hover_enabled=&#8221;off&#8221; button_border_color__hover_enabled=&#8221;off&#8221; button_one_border_color__hover_enabled=&#8221;off&#8221; button_two_border_color__hover_enabled=&#8221;off&#8221; button_border_radius__hover_enabled=&#8221;off&#8221; button_one_border_radius__hover_enabled=&#8221;off&#8221; button_two_border_radius__hover_enabled=&#8221;off&#8221; button_letter_spacing__hover_enabled=&#8221;off&#8221; button_one_letter_spacing__hover_enabled=&#8221;off&#8221; button_two_letter_spacing__hover_enabled=&#8221;off&#8221; button_bg_color__hover_enabled=&#8221;off&#8221; button_one_bg_color__hover_enabled=&#8221;off&#8221; button_two_bg_color__hover_enabled=&#8221;off&#8221;][\/et_pb_contact_field][et_pb_contact_field field_id=&#8221;Email&#8221; field_title=&#8221;Email c\u00edm&#8221; field_type=&#8221;email&#8221; fullwidth_field=&#8221;on&#8221; _builder_version=&#8221;4.27.0&#8243; global_colors_info=&#8221;{}&#8221; button_text_size__hover_enabled=&#8221;off&#8221; button_one_text_size__hover_enabled=&#8221;off&#8221; button_two_text_size__hover_enabled=&#8221;off&#8221; button_text_color__hover_enabled=&#8221;off&#8221; button_one_text_color__hover_enabled=&#8221;off&#8221; button_two_text_color__hover_enabled=&#8221;off&#8221; button_border_width__hover_enabled=&#8221;off&#8221; button_one_border_width__hover_enabled=&#8221;off&#8221; button_two_border_width__hover_enabled=&#8221;off&#8221; button_border_color__hover_enabled=&#8221;off&#8221; button_one_border_color__hover_enabled=&#8221;off&#8221; button_two_border_color__hover_enabled=&#8221;off&#8221; button_border_radius__hover_enabled=&#8221;off&#8221; button_one_border_radius__hover_enabled=&#8221;off&#8221; button_two_border_radius__hover_enabled=&#8221;off&#8221; button_letter_spacing__hover_enabled=&#8221;off&#8221; button_one_letter_spacing__hover_enabled=&#8221;off&#8221; button_two_letter_spacing__hover_enabled=&#8221;off&#8221; button_bg_color__hover_enabled=&#8221;off&#8221; button_one_bg_color__hover_enabled=&#8221;off&#8221; button_two_bg_color__hover_enabled=&#8221;off&#8221;][\/et_pb_contact_field][et_pb_contact_field field_id=&#8221;Service&#8221; field_title=&#8221;Milyen c\u00e9llal keres fejleszt\u00e9si lehet\u0151s\u00e9get?&#8221; field_type=&#8221;select&#8221; select_options=&#8221;%91{%22value%22:%22Szervezetfejleszt\u00e9s%22,%22checked%22:0,%22dragID%22:-1},{%22value%22:%22Vezet\u0151fejleszt\u00e9s%22,%22checked%22:0,%22dragID%22:0},{%22value%22:%22\u00c1ltal\u00e1nos Business Coaching%22,%22checked%22:0,%22dragID%22:1},{%22value%22:%22Team coacing%22,%22checked%22:0,%22dragID%22:2},{%22value%22:%22Adriai csapat\u00e9p\u00edt\u00e9s%22,%22checked%22:0,%22dragID%22:3},{%22value%22:%22Folyamatok felm\u00e9r\u00e9se, optimaliz\u00e1l\u00e1sa%22,%22checked%22:0,%22dragID%22:5},{%22value%22:%22Egy\u00e9b%22,%22checked%22:0,%22dragID%22:4}%93&#8243; required_mark=&#8221;off&#8221; fullwidth_field=&#8221;on&#8221; _builder_version=&#8221;4.27.4&#8243; hover_enabled=&#8221;0&#8243; global_colors_info=&#8221;{}&#8221; button_text_size__hover_enabled=&#8221;off&#8221; button_one_text_size__hover_enabled=&#8221;off&#8221; button_two_text_size__hover_enabled=&#8221;off&#8221; button_text_color__hover_enabled=&#8221;off&#8221; button_one_text_color__hover_enabled=&#8221;off&#8221; button_two_text_color__hover_enabled=&#8221;off&#8221; button_border_width__hover_enabled=&#8221;off&#8221; button_one_border_width__hover_enabled=&#8221;off&#8221; button_two_border_width__hover_enabled=&#8221;off&#8221; button_border_color__hover_enabled=&#8221;off&#8221; button_one_border_color__hover_enabled=&#8221;off&#8221; button_two_border_color__hover_enabled=&#8221;off&#8221; button_border_radius__hover_enabled=&#8221;off&#8221; button_one_border_radius__hover_enabled=&#8221;off&#8221; button_two_border_radius__hover_enabled=&#8221;off&#8221; button_letter_spacing__hover_enabled=&#8221;off&#8221; button_one_letter_spacing__hover_enabled=&#8221;off&#8221; button_two_letter_spacing__hover_enabled=&#8221;off&#8221; button_bg_color__hover_enabled=&#8221;off&#8221; button_one_bg_color__hover_enabled=&#8221;off&#8221; button_two_bg_color__hover_enabled=&#8221;off&#8221; sticky_enabled=&#8221;0&#8243;][\/et_pb_contact_field][et_pb_contact_field field_id=&#8221;Message&#8221; field_title=&#8221;\u00dczenet&#8221; field_type=&#8221;text&#8221; fullwidth_field=&#8221;on&#8221; _builder_version=&#8221;4.27.0&#8243; global_colors_info=&#8221;{}&#8221; button_text_size__hover_enabled=&#8221;off&#8221; button_one_text_size__hover_enabled=&#8221;off&#8221; button_two_text_size__hover_enabled=&#8221;off&#8221; button_text_color__hover_enabled=&#8221;off&#8221; button_one_text_color__hover_enabled=&#8221;off&#8221; button_two_text_color__hover_enabled=&#8221;off&#8221; button_border_width__hover_enabled=&#8221;off&#8221; button_one_border_width__hover_enabled=&#8221;off&#8221; button_two_border_width__hover_enabled=&#8221;off&#8221; button_border_color__hover_enabled=&#8221;off&#8221; button_one_border_color__hover_enabled=&#8221;off&#8221; button_two_border_color__hover_enabled=&#8221;off&#8221; button_border_radius__hover_enabled=&#8221;off&#8221; button_one_border_radius__hover_enabled=&#8221;off&#8221; button_two_border_radius__hover_enabled=&#8221;off&#8221; button_letter_spacing__hover_enabled=&#8221;off&#8221; button_one_letter_spacing__hover_enabled=&#8221;off&#8221; button_two_letter_spacing__hover_enabled=&#8221;off&#8221; button_bg_color__hover_enabled=&#8221;off&#8221; button_one_bg_color__hover_enabled=&#8221;off&#8221; button_two_bg_color__hover_enabled=&#8221;off&#8221;][\/et_pb_contact_field][\/et_pb_contact_form][\/et_pb_column][\/et_pb_row][\/et_pb_section][et_pb_section fb_built=&#8221;1&#8243; padding_2_tablet=&#8221;60px|50px|60px|50px|true|true&#8221; admin_label=&#8221;Footer&#8221; _builder_version=&#8221;4.16&#8243; use_background_color_gradient=&#8221;on&#8221; background_color_gradient_direction=&#8221;90deg&#8221; background_color_gradient_stops=&#8221;#ffffff 70%|rgba(240,242,246,0.5) 70%&#8221; background_color_gradient_start=&#8221;#ffffff&#8221; background_color_gradient_start_position=&#8221;70%&#8221; background_color_gradient_end=&#8221;rgba(240,242,246,0.5)&#8221; background_color_gradient_end_position=&#8221;30%&#8221; saved_tabs=&#8221;all&#8221; global_colors_info=&#8221;{}&#8221;][et_pb_row _builder_version=&#8221;4.16&#8243; global_colors_info=&#8221;{}&#8221;][et_pb_column type=&#8221;4_4&#8243; _builder_version=&#8221;4.16&#8243; custom_padding=&#8221;|||&#8221; global_colors_info=&#8221;{}&#8221; custom_padding__hover=&#8221;|||&#8221;][et_pb_image src=&#8221;https:\/\/anattaconsulting.hu\/wp-content\/uploads\/2024\/09\/logo0-300&#215;223.jpg&#8221; title_text=&#8221;logo0&#8243; align=&#8221;center&#8221; _builder_version=&#8221;4.27.0&#8243; _module_preset=&#8221;default&#8221; global_colors_info=&#8221;{}&#8221;][\/et_pb_image][\/et_pb_column][\/et_pb_row][et_pb_row _builder_version=&#8221;4.27.0&#8243; _module_preset=&#8221;default&#8221; global_colors_info=&#8221;{}&#8221;][et_pb_column type=&#8221;4_4&#8243; _builder_version=&#8221;4.27.0&#8243; _module_preset=&#8221;default&#8221; global_colors_info=&#8221;{}&#8221;][et_pb_button button_url=&#8221;https:\/\/anattaconsulting.hu\/privacy-policy\/&#8221; url_new_window=&#8221;on&#8221; button_text=&#8221;\u00c1SZF, \u00e9s Adatv\u00e9delmi t\u00e1j\u00e9koztat\u00f3&#8221; button_alignment=&#8221;right&#8221; _builder_version=&#8221;4.27.0&#8243; _module_preset=&#8221;default&#8221; custom_button=&#8221;on&#8221; button_bg_image=&#8221;https:\/\/anattaconsulting.hu\/wp-content\/uploads\/2024\/09\/background.webp&#8221; button_border_radius=&#8221;22px&#8221; button_font=&#8221;Acme||||||||&#8221; button_text_shadow_style=&#8221;preset3&#8243; button_text_shadow_color=&#8221;#000000&#8243; global_colors_info=&#8221;{}&#8221;][\/et_pb_button][\/et_pb_column][\/et_pb_row][\/et_pb_section]<\/p>\n","protected":false},"excerpt":{"rendered":"<p>ANATTA CONSULTINGVezet\u0151fejleszt\u00e9s coaching eszk\u00f6z\u00f6kkelKapcsolat Telefon: +36 70 383 50 95 E-mail imricsak.laszlo@anattaconsulting.hu C\u00e9ginfo: ILS-NRG KFT. C\u00e9gjegyz\u00e9k sz\u00e1ma: 13 09 225004 Ad\u00f3sz\u00e1ma: 32185924-2-13<\/p>","protected":false},"author":1,"featured_media":0,"parent":0,"menu_order":0,"comment_status":"closed","ping_status":"closed","template":"","meta":{"_et_pb_use_builder":"on","_et_pb_old_content":"","_et_gb_content_width":"","footnotes":""},"class_list":["post-129","page","type-page","status-publish","hentry"],"yoast_head":"<!-- This site is optimized with the Yoast SEO plugin v27.4 - https:\/\/yoast.com\/product\/yoast-seo-wordpress\/ -->\n<title>Kapcsolat - Anatta Consulting<\/title>\n<meta name=\"description\" content=\"Mert fejleszteni csak azt lehet, aki azt l\u00e9lekben eld\u00f6nt\u00f6tte. - Ezt az alapelvet az Anatta Consulting fejleszt\u0151 szakemberei tudj\u00e1k! Coach.\" \/>\n<meta name=\"robots\" content=\"index, follow, max-snippet:-1, max-image-preview:large, max-video-preview:-1\" \/>\n<link rel=\"canonical\" href=\"https:\/\/anattaconsulting.hu\/en\/kapcsolat\/\" \/>\n<meta property=\"og:locale\" content=\"en_GB\" \/>\n<meta property=\"og:type\" content=\"article\" \/>\n<meta property=\"og:title\" content=\"Kapcsolat - Anatta Consulting\" \/>\n<meta property=\"og:description\" content=\"Mert fejleszteni csak azt lehet, aki azt l\u00e9lekben eld\u00f6nt\u00f6tte. - Ezt az alapelvet az Anatta Consulting fejleszt\u0151 szakemberei tudj\u00e1k! Coach.\" \/>\n<meta property=\"og:url\" content=\"https:\/\/anattaconsulting.hu\/en\/kapcsolat\/\" \/>\n<meta property=\"og:site_name\" content=\"Anatta Consulting\" \/>\n<meta property=\"article:modified_time\" content=\"2025-04-24T09:48:50+00:00\" \/>\n<meta property=\"og:image\" content=\"https:\/\/anattaconsulting.hu\/wp-content\/uploads\/2024\/09\/logo0.jpg\" \/>\n\t<meta property=\"og:image:width\" content=\"512\" \/>\n\t<meta property=\"og:image:height\" content=\"381\" \/>\n\t<meta property=\"og:image:type\" content=\"image\/jpeg\" \/>\n<meta name=\"twitter:card\" content=\"summary_large_image\" \/>\n<meta name=\"twitter:label1\" content=\"Estimated reading time\" \/>\n\t<meta name=\"twitter:data1\" content=\"1 minute\" \/>\n<script type=\"application\/ld+json\" class=\"yoast-schema-graph\">{\"@context\":\"https:\\\/\\\/schema.org\",\"@graph\":[{\"@type\":\"WebPage\",\"@id\":\"https:\\\/\\\/anattaconsulting.hu\\\/kapcsolat\\\/\",\"url\":\"https:\\\/\\\/anattaconsulting.hu\\\/kapcsolat\\\/\",\"name\":\"Kapcsolat - Anatta Consulting\",\"isPartOf\":{\"@id\":\"https:\\\/\\\/anattaconsulting.hu\\\/#website\"},\"datePublished\":\"2024-09-10T13:34:32+00:00\",\"dateModified\":\"2025-04-24T09:48:50+00:00\",\"description\":\"Mert fejleszteni csak azt lehet, aki azt l\u00e9lekben eld\u00f6nt\u00f6tte. - Ezt az alapelvet az Anatta Consulting fejleszt\u0151 szakemberei tudj\u00e1k! Coach.\",\"breadcrumb\":{\"@id\":\"https:\\\/\\\/anattaconsulting.hu\\\/kapcsolat\\\/#breadcrumb\"},\"inLanguage\":\"en-GB\",\"potentialAction\":[{\"@type\":\"ReadAction\",\"target\":[\"https:\\\/\\\/anattaconsulting.hu\\\/kapcsolat\\\/\"]}]},{\"@type\":\"BreadcrumbList\",\"@id\":\"https:\\\/\\\/anattaconsulting.hu\\\/kapcsolat\\\/#breadcrumb\",\"itemListElement\":[{\"@type\":\"ListItem\",\"position\":1,\"name\":\"Kezd\u0151lap\",\"item\":\"https:\\\/\\\/anattaconsulting.hu\\\/\"},{\"@type\":\"ListItem\",\"position\":2,\"name\":\"Kapcsolat\"}]},{\"@type\":\"WebSite\",\"@id\":\"https:\\\/\\\/anattaconsulting.hu\\\/#website\",\"url\":\"https:\\\/\\\/anattaconsulting.hu\\\/\",\"name\":\"Anatta Consulting\",\"description\":\"Vezet\u0151feljleszt\u00e9s coaching eszk\u00f6z\u00f6kkel\",\"publisher\":{\"@id\":\"https:\\\/\\\/anattaconsulting.hu\\\/#organization\"},\"potentialAction\":[{\"@type\":\"SearchAction\",\"target\":{\"@type\":\"EntryPoint\",\"urlTemplate\":\"https:\\\/\\\/anattaconsulting.hu\\\/?s={search_term_string}\"},\"query-input\":{\"@type\":\"PropertyValueSpecification\",\"valueRequired\":true,\"valueName\":\"search_term_string\"}}],\"inLanguage\":\"en-GB\"},{\"@type\":\"Organization\",\"@id\":\"https:\\\/\\\/anattaconsulting.hu\\\/#organization\",\"name\":\"Anatta Consulting\",\"url\":\"https:\\\/\\\/anattaconsulting.hu\\\/\",\"logo\":{\"@type\":\"ImageObject\",\"inLanguage\":\"en-GB\",\"@id\":\"https:\\\/\\\/anattaconsulting.hu\\\/#\\\/schema\\\/logo\\\/image\\\/\",\"url\":\"https:\\\/\\\/anattaconsulting.hu\\\/wp-content\\\/uploads\\\/2024\\\/09\\\/logo0.jpg\",\"contentUrl\":\"https:\\\/\\\/anattaconsulting.hu\\\/wp-content\\\/uploads\\\/2024\\\/09\\\/logo0.jpg\",\"width\":512,\"height\":381,\"caption\":\"Anatta Consulting\"},\"image\":{\"@id\":\"https:\\\/\\\/anattaconsulting.hu\\\/#\\\/schema\\\/logo\\\/image\\\/\"}}]}<\/script>\n<!-- \/ Yoast SEO plugin. -->","yoast_head_json":{"title":"Kapcsolat - Anatta Consulting","description":"Mert fejleszteni csak azt lehet, aki azt l\u00e9lekben eld\u00f6nt\u00f6tte. - Ezt az alapelvet az Anatta Consulting fejleszt\u0151 szakemberei tudj\u00e1k! Coach.","robots":{"index":"index","follow":"follow","max-snippet":"max-snippet:-1","max-image-preview":"max-image-preview:large","max-video-preview":"max-video-preview:-1"},"canonical":"https:\/\/anattaconsulting.hu\/en\/kapcsolat\/","og_locale":"en_GB","og_type":"article","og_title":"Kapcsolat - Anatta Consulting","og_description":"Mert fejleszteni csak azt lehet, aki azt l\u00e9lekben eld\u00f6nt\u00f6tte. - Ezt az alapelvet az Anatta Consulting fejleszt\u0151 szakemberei tudj\u00e1k! Coach.","og_url":"https:\/\/anattaconsulting.hu\/en\/kapcsolat\/","og_site_name":"Anatta Consulting","article_modified_time":"2025-04-24T09:48:50+00:00","og_image":[{"width":512,"height":381,"url":"https:\/\/anattaconsulting.hu\/wp-content\/uploads\/2024\/09\/logo0.jpg","type":"image\/jpeg"}],"twitter_card":"summary_large_image","twitter_misc":{"Estimated reading time":"1 minute"},"schema":{"@context":"https:\/\/schema.org","@graph":[{"@type":"WebPage","@id":"https:\/\/anattaconsulting.hu\/kapcsolat\/","url":"https:\/\/anattaconsulting.hu\/kapcsolat\/","name":"Kapcsolat - Anatta Consulting","isPartOf":{"@id":"https:\/\/anattaconsulting.hu\/#website"},"datePublished":"2024-09-10T13:34:32+00:00","dateModified":"2025-04-24T09:48:50+00:00","description":"Mert fejleszteni csak azt lehet, aki azt l\u00e9lekben eld\u00f6nt\u00f6tte. - Ezt az alapelvet az Anatta Consulting fejleszt\u0151 szakemberei tudj\u00e1k! Coach.","breadcrumb":{"@id":"https:\/\/anattaconsulting.hu\/kapcsolat\/#breadcrumb"},"inLanguage":"en-GB","potentialAction":[{"@type":"ReadAction","target":["https:\/\/anattaconsulting.hu\/kapcsolat\/"]}]},{"@type":"BreadcrumbList","@id":"https:\/\/anattaconsulting.hu\/kapcsolat\/#breadcrumb","itemListElement":[{"@type":"ListItem","position":1,"name":"Kezd\u0151lap","item":"https:\/\/anattaconsulting.hu\/"},{"@type":"ListItem","position":2,"name":"Kapcsolat"}]},{"@type":"WebSite","@id":"https:\/\/anattaconsulting.hu\/#website","url":"https:\/\/anattaconsulting.hu\/","name":"Anatta Consulting","description":"Vezet\u0151feljleszt\u00e9s coaching eszk\u00f6z\u00f6kkel","publisher":{"@id":"https:\/\/anattaconsulting.hu\/#organization"},"potentialAction":[{"@type":"SearchAction","target":{"@type":"EntryPoint","urlTemplate":"https:\/\/anattaconsulting.hu\/?s={search_term_string}"},"query-input":{"@type":"PropertyValueSpecification","valueRequired":true,"valueName":"search_term_string"}}],"inLanguage":"en-GB"},{"@type":"Organization","@id":"https:\/\/anattaconsulting.hu\/#organization","name":"Anatta Consulting","url":"https:\/\/anattaconsulting.hu\/","logo":{"@type":"ImageObject","inLanguage":"en-GB","@id":"https:\/\/anattaconsulting.hu\/#\/schema\/logo\/image\/","url":"https:\/\/anattaconsulting.hu\/wp-content\/uploads\/2024\/09\/logo0.jpg","contentUrl":"https:\/\/anattaconsulting.hu\/wp-content\/uploads\/2024\/09\/logo0.jpg","width":512,"height":381,"caption":"Anatta Consulting"},"image":{"@id":"https:\/\/anattaconsulting.hu\/#\/schema\/logo\/image\/"}}]}},"_links":{"self":[{"href":"https:\/\/anattaconsulting.hu\/en\/wp-json\/wp\/v2\/pages\/129","targetHints":{"allow":["GET"]}}],"collection":[{"href":"https:\/\/anattaconsulting.hu\/en\/wp-json\/wp\/v2\/pages"}],"about":[{"href":"https:\/\/anattaconsulting.hu\/en\/wp-json\/wp\/v2\/types\/page"}],"author":[{"embeddable":true,"href":"https:\/\/anattaconsulting.hu\/en\/wp-json\/wp\/v2\/users\/1"}],"replies":[{"embeddable":true,"href":"https:\/\/anattaconsulting.hu\/en\/wp-json\/wp\/v2\/comments?post=129"}],"version-history":[{"count":5,"href":"https:\/\/anattaconsulting.hu\/en\/wp-json\/wp\/v2\/pages\/129\/revisions"}],"predecessor-version":[{"id":555,"href":"https:\/\/anattaconsulting.hu\/en\/wp-json\/wp\/v2\/pages\/129\/revisions\/555"}],"wp:attachment":[{"href":"https:\/\/anattaconsulting.hu\/en\/wp-json\/wp\/v2\/media?parent=129"}],"curies":[{"name":"wp","href":"https:\/\/api.w.org\/{rel}","templated":true}]}}